{"id":1616,"date":"2018-12-10T10:55:22","date_gmt":"2018-12-10T10:55:22","guid":{"rendered":"https:\/\/familylawyer-thehague.nl\/?page_id=1616"},"modified":"2026-02-17T12:57:23","modified_gmt":"2026-02-17T11:57:23","slug":"general-terms-and-conditions","status":"publish","type":"page","link":"https:\/\/familylawyer-thehague.nl\/fr\/general-terms-and-conditions\/","title":{"rendered":"\u00a0Conditions g\u00e9n\u00e9rales d'utilisation"},"content":{"rendered":"<h1>Conditions g\u00e9n\u00e9rales d'utilisation<\/h1>\n<p><b>Applicabilit\u00e9 et droit applicable<\/b><\/p>\n<p>1. Les pr\u00e9sentes conditions g\u00e9n\u00e9rales s'appliquent \u00e0 toutes les missions effectu\u00e9es par Family Lawyer The Hague. Family Lawyer The Hague est une entreprise individuelle de droit n\u00e9erlandais. L'entreprise individuelle et son avocat affili\u00e9, M. M.T. Wernsen, r\u00e9pondent aux exigences fix\u00e9es par l'Association du Barreau n\u00e9erlandais. Le cabinet est inscrit au registre de la Chambre de commerce sous le num\u00e9ro 86274848.<\/p>\n<p>2. L'accord entre le client et Family Lawyer The Hague est r\u00e9gi par le droit n\u00e9erlandais.<span class=\"Apple-converted-space\">\u00a0<\/span><\/p>\n<p><b>Assignations<span class=\"Apple-converted-space\">\u00a0<\/span><\/b><\/p>\n<p>3. Seul Family Lawyer The Hague s'applique en tant que contractant. Les articles 7:404 et 7:407(2) du livre 7 du Code civil n\u00e9erlandais ne sont pas applicables.<span class=\"Apple-converted-space\">\u00a0<\/span><\/p>\n<p>4. L'ex\u00e9cution d'une mission se fait exclusivement au profit et dans l'int\u00e9r\u00eat du client.<span class=\"Apple-converted-space\">\u00a0<\/span><\/p>\n<p>5. Les tiers ne peuvent tirer aucun droit du contenu du travail effectu\u00e9. Le client garantit Family Lawyer The Hague contre les r\u00e9clamations de tiers qui pr\u00e9tendent avoir subi un dommage \u00e0 la suite ou en relation avec le travail effectu\u00e9 par Family Lawyer The Hague pour le client.<span class=\"Apple-converted-space\">\u00a0<\/span><\/p>\n<p>6. Family Lawyer The Hague met tout en \u0153uvre pour obtenir le r\u00e9sultat souhait\u00e9 par le client, mais ne garantit pas que ce r\u00e9sultat sera atteint.<span class=\"Apple-converted-space\">\u00a0<\/span><\/p>\n<p>7. L'avocat n'engagera des tiers, tels qu'un huissier ou un expert, qu'apr\u00e8s consultation du client. L'avocat fera preuve de la diligence requise lors de l'engagement de tiers, mais ne peut \u00eatre tenu responsable des dommages r\u00e9sultant des actions du ou des tiers susmentionn\u00e9s.<span class=\"Apple-converted-space\"> When the lawyer is unable to perform herself, she will arrange a substitute in consultation with the client. If the lawyer cannot perform herself due to holiday or long term absence, lawyer mrs. S.I. Kouwenhoven will temporarily replace the lawyer, as agreed on in the agreement between mrs. S.I. Kouwenhoven and the lawyer.<\/span><\/p>\n<p>8. Le client accepte que l'avocat fasse ex\u00e9cuter (certaines parties) de la mission par un ou plusieurs avocats et\/ou assistants juridiques associ\u00e9s au cabinet sous sa responsabilit\u00e9.<span class=\"Apple-converted-space\">\u00a0<\/span><\/p>\n<p><b>Frais et co\u00fbts<span class=\"Apple-converted-space\">\u00a0<\/span><\/b><\/p>\n<p>9. Family Lawyer The Hague does not provide subsidized legal aid.<\/p>\n<p>10. The hourly rate as agreed, is exclusive of 21% VAT. The hourly rate may, after consultation with the client, differ depending on the work that Family Lawyer The Hague must perform in order to carry out the assignment.<span class=\"Apple-converted-space\"> The hourly fee is adjusted, every 1st of January for both new and ongoing cases.\u00a0<\/span><\/p>\n<p>11. Family Lawyer The Hague will invoice on the basis of advance invoices, unless agreed otherwise in writing. This means that the client must always pay an advance invoice, retainer, before work is carried out\/continued. Family Lawyer The Hague reserves the right to cease its activities if payment is not made.<span class=\"Apple-converted-space\"> The retainer will be paid back at the end of the procedure or legal assistance. Any outstanding invoices will be deducted from the retainer.<\/span><\/p>\n<p>12. Les accords financiers entre Family Lawyer The Hague et le client seront toujours confirm\u00e9s par \u00e9crit par l'Avocat de la Famille La Haye.<span class=\"Apple-converted-space\">\u00a0<\/span><\/p>\n<p>13. Family Lawyer Thea Hague ne facturera pas de frais de bureau distincts en plus du taux horaire.<span class=\"Apple-converted-space\">\u00a0<\/span><\/p>\n<p>14. Les d\u00e9bours \u00e9ventuels sont \u00e0 la charge du client. Cela comprend, entre autres : les frais de justice, les frais d'huissier et les frais de demande d'extraits.<span class=\"Apple-converted-space\">\u00a0<\/span><\/p>\n<p>15. En cas d'annulation d'une mission, le client est en tout cas tenu de rembourser tous les frais d\u00e9j\u00e0 engag\u00e9s par Family Lawyer The Hague dans l'ex\u00e9cution de la mission.<span class=\"Apple-converted-space\">\u00a0<\/span><\/p>\n<p>16. Family Lawyer The Hague uses a minimum of 2 hours for all the assignments. This means 2 hours will be charged, even if the time spend on the case in total was less then 2 hours.<\/p>\n<p>17. If travel costs have to be incurred by Family Lawyer The Hague for the purpose of the assignment, the client will be charged \u20ac 0.32 per kilometer.<span class=\"Apple-converted-space\">\u00a0<\/span><\/p>\n<p><b>Paiement<span class=\"Apple-converted-space\">\u00a0<\/span><\/b><\/p>\n<p>18. Le paiement de la facture doit \u00eatre effectu\u00e9, sans d\u00e9duction, escompte ou compensation, dans les 14 jours suivant la date de la facture.<span class=\"Apple-converted-space\"> If the client chooses to pay with credit card or paypall any costs or other deductions charged by the bank\/ institution will be paid by the client to Family Lawyer The Hague.\u00a0<\/span><\/p>\n<p>19. En cas de d\u00e9passement du d\u00e9lai ci-dessus, le client est redevable d'int\u00e9r\u00eats l\u00e9gaux.<span class=\"Apple-converted-space\">\u00a0<\/span><\/p>\n<p>20. Si, apr\u00e8s l'envoi de la facture et deux rappels, le paiement n'est pas effectu\u00e9 et qu'aucun accord n'a \u00e9t\u00e9 trouv\u00e9 sur un arrangement de paiement, la facture sera remise \u00e0 une agence de recouvrement. Les donn\u00e9es personnelles du client et les documents pertinents du dossier seront transf\u00e9r\u00e9s \u00e0 une agence de recouvrement dans le but d'\u00e9crire au client et d'entamer une proc\u00e9dure judiciaire \u00e0 son encontre.<span class=\"Apple-converted-space\">\u00a0<\/span><\/p>\n<p><b>Frais de d\u00e9placement\/temps de d\u00e9placement<span class=\"Apple-converted-space\">\u00a0<\/span><\/b><\/p>\n<p>21. Les frais de d\u00e9placement engag\u00e9s par l'avocat dans le cadre de l'ex\u00e9cution de la mission doivent \u00eatre rembours\u00e9s par le client, sauf accord \u00e9crit contraire.<span class=\"Apple-converted-space\">\u00a0<\/span><\/p>\n<p>22. Les heures de d\u00e9placement sont des heures facturables.<span class=\"Apple-converted-space\">\u00a0<\/span><\/p>\n<p><b>Fonds de tiers<span class=\"Apple-converted-space\">\u00a0<\/span><\/b><\/p>\n<p>23. Family Lawyer The Hague ne peut pas excepter les paiements pour le client, car il n'y a pas de compte de tiers disponible pour le b\u00e9n\u00e9fice des clients.<span class=\"Apple-converted-space\">\u00a0<\/span><\/p>\n<p><strong>Dur\u00e9e de conservation des dossiers<span class=\"Apple-converted-space\">\u00a0<\/span><\/strong><\/p>\n<p>24. Une fois l'affaire termin\u00e9e, le dossier de l'affaire sera d\u00e9truit. La correspondance entre Family Lawyer The Hague et le client, les documents financiers et autres documents jug\u00e9s pertinents par Family Lawyer The Hague seront archiv\u00e9s et conserv\u00e9s par Family Lawyer The Hague pendant une p\u00e9riode de 5 ans. Apr\u00e8s la p\u00e9riode de conservation de 5 ans, Family Lawyer The Hague peut d\u00e9cider de d\u00e9truire la partie restante du dossier.<span class=\"Apple-converted-space\">\u00a0<\/span><\/p>\n<p><b>Responsabilit\u00e9 civile<span class=\"Apple-converted-space\">\u00a0<\/span><\/b><\/p>\n<p>25. La responsabilit\u00e9 de Family Lawyer The Hague et de ses employ\u00e9s est toujours limit\u00e9e au(x) montant(s) auquel(s) l'assurance responsabilit\u00e9 professionnelle souscrite par Family Lawyer The Hague donne droit, plus la franchise.<span class=\"Apple-converted-space\">\u00a0<\/span><\/p>\n<p>26. Si, pour quelque raison que ce soit, aucun paiement ne doit \u00eatre effectu\u00e9 sur la base de l'assurance susmentionn\u00e9e, toute responsabilit\u00e9 sera limit\u00e9e aux honoraires factur\u00e9s par Family Lawyer The Hague dans l'affaire concern\u00e9e au cours de l'ann\u00e9e concern\u00e9e, \u00e0 l'exclusion des autres frais.<\/p>\n<p>&nbsp;<\/p>\n<h1>Proc\u00e9dure de plainte Family Lawyer The Hague<\/h1>\n<p>Article 1 - D\u00e9finitions<br \/>\nLes d\u00e9finitions suivantes s'appliquent \u00e0 la pr\u00e9sente proc\u00e9dure de plainte du bureau :<br \/>\n- plainte : toute expression \u00e9crite de m\u00e9contentement par ou au nom du client \u00e0 l'\u00e9gard de l'avocat ou des personnes travaillant sous sa responsabilit\u00e9 concernant la conclusion et l'ex\u00e9cution d'un contrat de services, la qualit\u00e9 des services ou le montant des honoraires, ne constituant pas une plainte au sens du paragraphe 4 de l'Advocatenwet (loi n\u00e9erlandaise sur les avocats).<br \/>\n- plaignant : le client ou son repr\u00e9sentant qui fait conna\u00eetre une plainte ;<br \/>\n- responsable des plaintes : l'avocat charg\u00e9 de traiter la plainte ;<\/p>\n<p>Article 2 - Champ d'application<br \/>\n1. La pr\u00e9sente proc\u00e9dure de r\u00e9clamation du cabinet s'applique \u00e0 tout contrat d'engagement entre Family Lawyer The Hague et le client.<br \/>\n2. M. M.T. Wernsen veillera \u00e0 ce que les plaintes soient trait\u00e9es par un avocat ind\u00e9pendant, conform\u00e9ment \u00e0 la proc\u00e9dure de traitement des plaintes du bureau.<\/p>\n<p>Article 3 Objectifs<br \/>\nLe but de ce syst\u00e8me de plaintes de bureau est de :<br \/>\na. \u00e9tablir une proc\u00e9dure permettant de traiter de mani\u00e8re constructive les plaintes des clients dans un d\u00e9lai raisonnable ;<br \/>\nb. d'\u00e9tablir une proc\u00e9dure pour d\u00e9terminer les causes des plaintes des clients ;<br \/>\nc. maintenir et am\u00e9liorer les relations existantes par un traitement appropri\u00e9 des plaintes ;<br \/>\nd. former le personnel \u00e0 une r\u00e9ponse aux plaintes ax\u00e9e sur le client ;<br \/>\ne. am\u00e9liorer la qualit\u00e9 des services par le biais du traitement et de l'analyse des plaintes.<\/p>\n<p>Article 4 : information au d\u00e9but de la prestation de services<br \/>\n1. Cette proc\u00e9dure de plainte du cabinet a \u00e9t\u00e9 rendue publique. Avant de conclure le contrat d'engagement, l'avocat informe le client que le cabinet dispose d'une proc\u00e9dure de traitement des plaintes et qu'elle s'applique aux services fournis.<br \/>\n2.Family Lawyer The Hague a inclus dans le contrat de mission la partie ou l'organisme ind\u00e9pendant auquel une plainte qui n'est pas r\u00e9solue apr\u00e8s le traitement peut \u00eatre soumise pour une d\u00e9cision contraignante et l'a fait savoir dans la confirmation de la mission.<br \/>\n3. Les plaintes vis\u00e9es \u00e0 l'article 1 du pr\u00e9sent r\u00e8glement des plaintes du bureau qui ne sont pas r\u00e9solues apr\u00e8s traitement peuvent \u00eatre soumises au tribunal.<\/p>\n<p>Article 5 Proc\u00e9dure de plainte interne<br \/>\n1. Si un client se pr\u00e9sente au bureau avec une plainte, celle-ci sera transmise au responsable des plaintes qui sera d\u00e9sign\u00e9 par M. M.T. Wernsen.<br \/>\n2. Le responsable des plaintes informe la personne faisant l'objet de la plainte du d\u00e9p\u00f4t de la plainte et donne au plaignant et \u00e0 la personne faisant l'objet de la plainte la possibilit\u00e9 de s'expliquer sur la plainte.<br \/>\n3. La personne faisant l'objet de la plainte doit essayer de trouver une solution avec le client, avec ou sans l'intervention du responsable des plaintes.<br \/>\n4. Le responsable des plaintes r\u00e8gle la plainte dans un d\u00e9lai de quatre semaines \u00e0 compter de sa r\u00e9ception, ou notifie au plaignant tout \u00e9cart par rapport \u00e0 ce d\u00e9lai, en indiquant les raisons et en pr\u00e9cisant le d\u00e9lai dans lequel une d\u00e9cision sur la plainte sera prise.<br \/>\n5. Le responsable des plaintes notifie par \u00e9crit au plaignant et \u00e0 la personne mise en cause son avis sur le bien-fond\u00e9 de la plainte, accompagn\u00e9 ou non de recommandations.<br \/>\n6. Si la plainte a \u00e9t\u00e9 r\u00e9gl\u00e9e de mani\u00e8re satisfaisante, le plaignant, le responsable des plaintes et la personne faisant l'objet de la plainte signent le jugement sur le fond de la plainte.<\/p>\n<p>Article 6 Confidentialit\u00e9 et gratuit\u00e9 du traitement des plaintes<br \/>\n1. Le responsable des plaintes et la personne faisant l'objet d'une plainte sont tenus de respecter la confidentialit\u00e9 lors du traitement de la plainte.<br \/>\n2. Les frais de traitement de la plainte ne sont pas factur\u00e9s au plaignant.<\/p>\n<p>Article 7 responsabilit\u00e9s<br \/>\n1. Le responsable des plaintes est charg\u00e9 de traiter la plainte en temps opportun.<br \/>\n2. La personne faisant l'objet de la plainte doit tenir le responsable des plaintes inform\u00e9 de tout contact et de toute r\u00e9solution \u00e9ventuelle.<br \/>\n3. Le responsable des plaintes tient le plaignant inform\u00e9 de la r\u00e9solution de la plainte.<br \/>\n4. Le responsable des plaintes tient le dossier de la plainte.<\/p>\n<p>Article 8 - Enregistrement des plaintes<br \/>\n1. Le responsable des plaintes enregistre la plainte, y compris l'objet de la plainte.<br \/>\n2. Une plainte peut \u00eatre divis\u00e9e en plusieurs sujets.<br \/>\n3. Le responsable des plaintes fait p\u00e9riodiquement rapport sur le traitement des plaintes, le cas \u00e9ch\u00e9ant, et formule des recommandations pour la pr\u00e9vention de nouvelles plaintes et l'am\u00e9lioration des proc\u00e9dures.<br \/>\n4. Au moins une fois par an, les rapports et les recommandations sont discut\u00e9s au bureau et soumis \u00e0 la prise de d\u00e9cision.<\/p>\n<p>&nbsp;<\/p>","protected":false},"excerpt":{"rendered":"<p>General Terms and Conditions Applicability and applicable law 1. These general terms and conditions shall apply to all assignments carried out by Family Lawyer The Hague. Family Lawyer The Hague is a sole proprietorship under Dutch law. The sole proprietorship and its affiliated lawyer, Mr M.T. Wernsen, meet the requirements set by the Dutch Bar [&hellip;]<\/p>\n","protected":false},"author":4,"featured_media":0,"parent":0,"menu_order":0,"comment_status":"closed","ping_status":"closed","template":"","meta":{"_et_pb_use_builder":"","_et_pb_old_content":"","_et_gb_content_width":"","om_disable_all_campaigns":false,"_monsterinsights_skip_tracking":false,"_monsterinsights_sitenote_active":false,"_monsterinsights_sitenote_note":"","_monsterinsights_sitenote_category":0,"footnotes":""},"class_list":["post-1616","page","type-page","status-publish","hentry"],"yoast_head":"<!-- This site is optimized with the Yoast SEO plugin v27.5 - https:\/\/yoast.com\/product\/yoast-seo-wordpress\/ -->\n<title>\u00a0General Terms and Conditions - Family Lawyer The Hague<\/title>\n<meta name=\"description\" content=\"Our genaral terms and conditions prevent misunderstandings. Your can read them on our website. Call us if you have any questions.\" \/>\n<meta name=\"robots\" content=\"index, follow, max-snippet:-1, max-image-preview:large, max-video-preview:-1\" \/>\n<link rel=\"canonical\" href=\"https:\/\/familylawyer-thehague.nl\/fr\/general-terms-and-conditions\/\" \/>\n<meta property=\"og:locale\" content=\"fr_FR\" \/>\n<meta property=\"og:type\" content=\"article\" \/>\n<meta property=\"og:title\" content=\"\u00a0General Terms and Conditions - Family Lawyer The Hague\" \/>\n<meta property=\"og:description\" content=\"Our genaral terms and conditions prevent misunderstandings. Your can read them on our website. Call us if you have any questions.\" \/>\n<meta property=\"og:url\" content=\"https:\/\/familylawyer-thehague.nl\/fr\/general-terms-and-conditions\/\" \/>\n<meta property=\"og:site_name\" content=\"Family Lawyer The Hague\" \/>\n<meta property=\"article:modified_time\" content=\"2026-02-17T11:57:23+00:00\" \/>\n<meta name=\"twitter:card\" content=\"summary_large_image\" \/>\n<meta name=\"twitter:label1\" content=\"Dur\u00e9e de lecture estim\u00e9e\" \/>\n\t<meta name=\"twitter:data1\" content=\"8 minutes\" \/>\n<script type=\"application\/ld+json\" class=\"yoast-schema-graph\">{\"@context\":\"https:\\\/\\\/schema.org\",\"@graph\":[{\"@type\":\"WebPage\",\"@id\":\"https:\\\/\\\/familylawyer-thehague.nl\\\/general-terms-and-conditions\\\/\",\"url\":\"https:\\\/\\\/familylawyer-thehague.nl\\\/general-terms-and-conditions\\\/\",\"name\":\"\u00a0General Terms and Conditions - Family Lawyer The Hague\",\"isPartOf\":{\"@id\":\"https:\\\/\\\/familylawyer-thehague.nl\\\/nl\\\/#website\"},\"datePublished\":\"2018-12-10T10:55:22+00:00\",\"dateModified\":\"2026-02-17T11:57:23+00:00\",\"description\":\"Our genaral terms and conditions prevent misunderstandings. Your can read them on our website. Call us if you have any questions.\",\"breadcrumb\":{\"@id\":\"https:\\\/\\\/familylawyer-thehague.nl\\\/general-terms-and-conditions\\\/#breadcrumb\"},\"inLanguage\":\"fr-FR\",\"potentialAction\":[{\"@type\":\"ReadAction\",\"target\":[\"https:\\\/\\\/familylawyer-thehague.nl\\\/general-terms-and-conditions\\\/\"]}]},{\"@type\":\"BreadcrumbList\",\"@id\":\"https:\\\/\\\/familylawyer-thehague.nl\\\/general-terms-and-conditions\\\/#breadcrumb\",\"itemListElement\":[{\"@type\":\"ListItem\",\"position\":1,\"name\":\"Home\",\"item\":\"https:\\\/\\\/familylawyer-thehague.nl\\\/\"},{\"@type\":\"ListItem\",\"position\":2,\"name\":\"\u00a0General Terms and Conditions\"}]},{\"@type\":\"WebSite\",\"@id\":\"https:\\\/\\\/familylawyer-thehague.nl\\\/nl\\\/#website\",\"url\":\"https:\\\/\\\/familylawyer-thehague.nl\\\/nl\\\/\",\"name\":\"Family Lawyer The Hague\",\"description\":\"\",\"publisher\":{\"@id\":\"https:\\\/\\\/familylawyer-thehague.nl\\\/nl\\\/#organization\"},\"potentialAction\":[{\"@type\":\"SearchAction\",\"target\":{\"@type\":\"EntryPoint\",\"urlTemplate\":\"https:\\\/\\\/familylawyer-thehague.nl\\\/nl\\\/?s={search_term_string}\"},\"query-input\":{\"@type\":\"PropertyValueSpecification\",\"valueRequired\":true,\"valueName\":\"search_term_string\"}}],\"inLanguage\":\"fr-FR\"},{\"@type\":[\"Organization\",\"Place\",\"LegalService\"],\"@id\":\"https:\\\/\\\/familylawyer-thehague.nl\\\/nl\\\/#organization\",\"name\":\"Family Lawyer The Hague\",\"url\":\"https:\\\/\\\/familylawyer-thehague.nl\\\/nl\\\/\",\"logo\":{\"@id\":\"https:\\\/\\\/familylawyer-thehague.nl\\\/general-terms-and-conditions\\\/#local-main-organization-logo\"},\"image\":{\"@id\":\"https:\\\/\\\/familylawyer-thehague.nl\\\/general-terms-and-conditions\\\/#local-main-organization-logo\"},\"address\":{\"@id\":\"https:\\\/\\\/familylawyer-thehague.nl\\\/general-terms-and-conditions\\\/#local-main-place-address\"},\"geo\":{\"@type\":\"GeoCoordinates\",\"latitude\":\"52.075247866705915\",\"longitude\":\"4.356969716619772\"},\"telephone\":[\"+31 62 41 37 819\"],\"openingHoursSpecification\":[{\"@type\":\"OpeningHoursSpecification\",\"dayOfWeek\":[\"Monday\",\"Tuesday\",\"Wednesday\",\"Thursday\",\"Friday\"],\"opens\":\"09:00\",\"closes\":\"17:00\"},{\"@type\":\"OpeningHoursSpecification\",\"dayOfWeek\":[\"Saturday\",\"Sunday\"],\"opens\":\"00:00\",\"closes\":\"00:00\"}],\"email\":\"info@familylawyer-thehague.nl\"},{\"@type\":\"PostalAddress\",\"@id\":\"https:\\\/\\\/familylawyer-thehague.nl\\\/general-terms-and-conditions\\\/#local-main-place-address\",\"streetAddress\":\"Jacob van den Eyndestraat 73\",\"addressLocality\":\"Voorburg\",\"postalCode\":\"2274 XA\",\"addressCountry\":\"NL\"},{\"@type\":\"ImageObject\",\"inLanguage\":\"fr-FR\",\"@id\":\"https:\\\/\\\/familylawyer-thehague.nl\\\/general-terms-and-conditions\\\/#local-main-organization-logo\",\"url\":\"https:\\\/\\\/familylawyer-thehague.nl\\\/wp-content\\\/uploads\\\/logo-family-lawyer.svg\",\"contentUrl\":\"https:\\\/\\\/familylawyer-thehague.nl\\\/wp-content\\\/uploads\\\/logo-family-lawyer.svg\",\"width\":356,\"height\":72,\"caption\":\"Family Lawyer The Hague\"}]}<\/script>\n<meta name=\"geo.placename\" content=\"Voorburg\" \/>\n<meta name=\"geo.position\" content=\"52.075247866705915;4.356969716619772\" \/>\n<meta name=\"geo.region\" content=\"Pays-Bas\" \/>\n<!-- \/ Yoast SEO plugin. -->","yoast_head_json":{"title":"\u00a0Conditions g\u00e9n\u00e9rales - Avocat de la famille La Haye","description":"Nos conditions g\u00e9n\u00e9rales \u00e9vitent les malentendus. Vous pouvez les lire sur notre site web. Appelez-nous si vous avez des questions.","robots":{"index":"index","follow":"follow","max-snippet":"max-snippet:-1","max-image-preview":"max-image-preview:large","max-video-preview":"max-video-preview:-1"},"canonical":"https:\/\/familylawyer-thehague.nl\/fr\/general-terms-and-conditions\/","og_locale":"fr_FR","og_type":"article","og_title":"\u00a0General Terms and Conditions - Family Lawyer The Hague","og_description":"Our genaral terms and conditions prevent misunderstandings. Your can read them on our website. Call us if you have any questions.","og_url":"https:\/\/familylawyer-thehague.nl\/fr\/general-terms-and-conditions\/","og_site_name":"Family Lawyer The Hague","article_modified_time":"2026-02-17T11:57:23+00:00","twitter_card":"summary_large_image","twitter_misc":{"Dur\u00e9e de lecture estim\u00e9e":"8 minutes"},"schema":{"@context":"https:\/\/schema.org","@graph":[{"@type":"WebPage","@id":"https:\/\/familylawyer-thehague.nl\/general-terms-and-conditions\/","url":"https:\/\/familylawyer-thehague.nl\/general-terms-and-conditions\/","name":"\u00a0Conditions g\u00e9n\u00e9rales - Avocat de la famille La Haye","isPartOf":{"@id":"https:\/\/familylawyer-thehague.nl\/nl\/#website"},"datePublished":"2018-12-10T10:55:22+00:00","dateModified":"2026-02-17T11:57:23+00:00","description":"Nos conditions g\u00e9n\u00e9rales \u00e9vitent les malentendus. Vous pouvez les lire sur notre site web. Appelez-nous si vous avez des questions.","breadcrumb":{"@id":"https:\/\/familylawyer-thehague.nl\/general-terms-and-conditions\/#breadcrumb"},"inLanguage":"fr-FR","potentialAction":[{"@type":"ReadAction","target":["https:\/\/familylawyer-thehague.nl\/general-terms-and-conditions\/"]}]},{"@type":"BreadcrumbList","@id":"https:\/\/familylawyer-thehague.nl\/general-terms-and-conditions\/#breadcrumb","itemListElement":[{"@type":"ListItem","position":1,"name":"Home","item":"https:\/\/familylawyer-thehague.nl\/"},{"@type":"ListItem","position":2,"name":"\u00a0General Terms and Conditions"}]},{"@type":"WebSite","@id":"https:\/\/familylawyer-thehague.nl\/nl\/#website","url":"https:\/\/familylawyer-thehague.nl\/nl\/","name":"Avocat de la famille La Haye","description":"","publisher":{"@id":"https:\/\/familylawyer-thehague.nl\/nl\/#organization"},"potentialAction":[{"@type":"SearchAction","target":{"@type":"EntryPoint","urlTemplate":"https:\/\/familylawyer-thehague.nl\/nl\/?s={search_term_string}"},"query-input":{"@type":"PropertyValueSpecification","valueRequired":true,"valueName":"search_term_string"}}],"inLanguage":"fr-FR"},{"@type":["Organization","Place","LegalService"],"@id":"https:\/\/familylawyer-thehague.nl\/nl\/#organization","name":"Avocat de la famille La Haye","url":"https:\/\/familylawyer-thehague.nl\/nl\/","logo":{"@id":"https:\/\/familylawyer-thehague.nl\/general-terms-and-conditions\/#local-main-organization-logo"},"image":{"@id":"https:\/\/familylawyer-thehague.nl\/general-terms-and-conditions\/#local-main-organization-logo"},"address":{"@id":"https:\/\/familylawyer-thehague.nl\/general-terms-and-conditions\/#local-main-place-address"},"geo":{"@type":"GeoCoordinates","latitude":"52.075247866705915","longitude":"4.356969716619772"},"telephone":["+31 62 41 37 819"],"openingHoursSpecification":[{"@type":"OpeningHoursSpecification","dayOfWeek":["Monday","Tuesday","Wednesday","Thursday","Friday"],"opens":"09:00","closes":"17:00"},{"@type":"OpeningHoursSpecification","dayOfWeek":["Saturday","Sunday"],"opens":"00:00","closes":"00:00"}],"email":"info@familylawyer-thehague.nl"},{"@type":"PostalAddress","@id":"https:\/\/familylawyer-thehague.nl\/general-terms-and-conditions\/#local-main-place-address","streetAddress":"Jacob van den Eyndestraat 73","addressLocality":"Voorburg","postalCode":"2274 XA","addressCountry":"NL"},{"@type":"ImageObject","inLanguage":"fr-FR","@id":"https:\/\/familylawyer-thehague.nl\/general-terms-and-conditions\/#local-main-organization-logo","url":"https:\/\/familylawyer-thehague.nl\/wp-content\/uploads\/logo-family-lawyer.svg","contentUrl":"https:\/\/familylawyer-thehague.nl\/wp-content\/uploads\/logo-family-lawyer.svg","width":356,"height":72,"caption":"Family Lawyer The Hague"}]},"geo.placename":"Voorburg","geo.position":{"lat":"52.075247866705915","long":"4.356969716619772"},"geo.region":"Pays-Bas"},"_links":{"self":[{"href":"https:\/\/familylawyer-thehague.nl\/fr\/wp-json\/wp\/v2\/pages\/1616","targetHints":{"allow":["GET"]}}],"collection":[{"href":"https:\/\/familylawyer-thehague.nl\/fr\/wp-json\/wp\/v2\/pages"}],"about":[{"href":"https:\/\/familylawyer-thehague.nl\/fr\/wp-json\/wp\/v2\/types\/page"}],"author":[{"embeddable":true,"href":"https:\/\/familylawyer-thehague.nl\/fr\/wp-json\/wp\/v2\/users\/4"}],"replies":[{"embeddable":true,"href":"https:\/\/familylawyer-thehague.nl\/fr\/wp-json\/wp\/v2\/comments?post=1616"}],"version-history":[{"count":3,"href":"https:\/\/familylawyer-thehague.nl\/fr\/wp-json\/wp\/v2\/pages\/1616\/revisions"}],"predecessor-version":[{"id":5516,"href":"https:\/\/familylawyer-thehague.nl\/fr\/wp-json\/wp\/v2\/pages\/1616\/revisions\/5516"}],"wp:attachment":[{"href":"https:\/\/familylawyer-thehague.nl\/fr\/wp-json\/wp\/v2\/media?parent=1616"}],"curies":[{"name":"wp","href":"https:\/\/api.w.org\/{rel}","templated":true}]}}