{"id":4486,"date":"2022-11-22T16:37:52","date_gmt":"2022-11-22T15:37:52","guid":{"rendered":"https:\/\/familylawyer-thehague.nl\/?page_id=4486"},"modified":"2023-01-09T23:15:03","modified_gmt":"2023-01-09T22:15:03","slug":"visitation-schedule","status":"publish","type":"page","link":"https:\/\/familylawyer-thehague.nl\/fr\/visitation-schedule\/","title":{"rendered":"Calendrier des visites"},"content":{"rendered":"<p>[fusion_builder_container hundred_percent=&#8221;no&#8221; equal_height_columns=&#8221;no&#8221; hide_on_mobile=&#8221;small-visibility,medium-visibility,large-visibility&#8221; background_position=&#8221;center center&#8221; background_repeat=&#8221;no-repeat&#8221; fade=&#8221;no&#8221; background_parallax=&#8221;none&#8221; parallax_speed=&#8221;0.3&#8243; video_aspect_ratio=&#8221;16:9&#8243; video_loop=&#8221;yes&#8221; video_mute=&#8221;yes&#8221; border_style=&#8221;solid&#8221; type=&#8221;legacy&#8221;][fusion_builder_row][fusion_builder_column type=&#8221;1_5&#8243; layout=&#8221;1_5&#8243; spacing=&#8221;&#8221; center_content=&#8221;no&#8221; link=&#8221;&#8221; target=&#8221;_self&#8221; min_height=&#8221;&#8221; hide_on_mobile=&#8221;small-visibility,medium-visibility,large-visibility&#8221; class=&#8221;&#8221; id=&#8221;&#8221; background_color=&#8221;&#8221; background_image=&#8221;&#8221; background_image_id=&#8221;&#8221; background_position=&#8221;left top&#8221; background_repeat=&#8221;no-repeat&#8221; hover_type=&#8221;none&#8221; border_color=&#8221;&#8221; border_style=&#8221;solid&#8221; border_position=&#8221;all&#8221; border_radius=&#8221;&#8221; box_shadow=&#8221;no&#8221; dimension_box_shadow=&#8221;&#8221; box_shadow_blur=&#8221;0&#8243; box_shadow_spread=&#8221;0&#8243; box_shadow_color=&#8221;&#8221; box_shadow_style=&#8221;&#8221; padding_top=&#8221;&#8221; padding_right=&#8221;&#8221; padding_bottom=&#8221;&#8221; padding_left=&#8221;&#8221; margin_top=&#8221;&#8221; margin_bottom=&#8221;&#8221; animation_type=&#8221;&#8221; animation_direction=&#8221;left&#8221; animation_speed=&#8221;0.3&#8243; animation_offset=&#8221;&#8221; last=&#8221;false&#8221; border_sizes_top=&#8221;0&#8243; border_sizes_bottom=&#8221;0&#8243; border_sizes_left=&#8221;0&#8243; border_sizes_right=&#8221;0&#8243; first=&#8221;true&#8221; spacing_right=&#8221;&#8221;][\/fusion_builder_column][fusion_builder_column type=&#8221;3_5&#8243; layout=&#8221;3_5&#8243; spacing=&#8221;&#8221; center_content=&#8221;no&#8221; link=&#8221;&#8221; target=&#8221;_self&#8221; min_height=&#8221;&#8221; hide_on_mobile=&#8221;small-visibility,medium-visibility,large-visibility&#8221; class=&#8221;&#8221; id=&#8221;&#8221; background_color=&#8221;&#8221; background_image=&#8221;&#8221; background_image_id=&#8221;&#8221; background_position=&#8221;left top&#8221; background_repeat=&#8221;no-repeat&#8221; hover_type=&#8221;none&#8221; border_color=&#8221;&#8221; border_style=&#8221;solid&#8221; border_position=&#8221;all&#8221; border_radius=&#8221;&#8221; box_shadow=&#8221;no&#8221; dimension_box_shadow=&#8221;&#8221; box_shadow_blur=&#8221;0&#8243; box_shadow_spread=&#8221;0&#8243; box_shadow_color=&#8221;&#8221; box_shadow_style=&#8221;&#8221; padding_top=&#8221;&#8221; padding_right=&#8221;&#8221; padding_bottom=&#8221;&#8221; padding_left=&#8221;&#8221; margin_top=&#8221;&#8221; margin_bottom=&#8221;&#8221; animation_type=&#8221;&#8221; animation_direction=&#8221;left&#8221; animation_speed=&#8221;0.3&#8243; animation_offset=&#8221;&#8221; last=&#8221;false&#8221; border_sizes_top=&#8221;0&#8243; border_sizes_bottom=&#8221;0&#8243; border_sizes_left=&#8221;0&#8243; border_sizes_right=&#8221;0&#8243; first=&#8221;false&#8221; spacing_right=&#8221;&#8221;][fusion_text columns=&#8221;&#8221; column_min_width=&#8221;&#8221; column_spacing=&#8221;&#8221; rule_style=&#8221;&#8221; rule_size=&#8221;&#8221; rule_color=&#8221;&#8221; hue=&#8221;&#8221; saturation=&#8221;&#8221; lightness=&#8221;&#8221; alpha=&#8221;&#8221; content_alignment_medium=&#8221;&#8221; content_alignment_small=&#8221;&#8221; content_alignment=&#8221;&#8221; hide_on_mobile=&#8221;small-visibility,medium-visibility,large-visibility&#8221; sticky_display=&#8221;normal,sticky&#8221; class=&#8221;&#8221; id=&#8221;&#8221; margin_top=&#8221;&#8221; margin_right=&#8221;&#8221; margin_bottom=&#8221;&#8221; margin_left=&#8221;&#8221; fusion_font_family_text_font=&#8221;&#8221; fusion_font_variant_text_font=&#8221;&#8221; font_size=&#8221;&#8221; line_height=&#8221;&#8221; letter_spacing=&#8221;&#8221; text_transform=&#8221;&#8221; text_color=&#8221;&#8221; animation_type=&#8221;&#8221; animation_direction=&#8221;left&#8221; animation_speed=&#8221;0.3&#8243; animation_offset=&#8221;&#8221;]<\/p>\n<h3>Visitation:<\/h3>\n<h2>Visitation schedule<\/h2>\n<p>It is certainly worth thinking carefully about what a good visitation arrangement might look like, taking into account all the circumstances and interests.<\/p>\n<p>During mediation, we can talk about:<\/p>\n<ul>\n<li>the days on which the parents are available<\/li>\n<li>the distance between the two homes and the school, sports clubs etc.<\/li>\n<li>how can you make sure the schedule matches the schedules of the other children in the two families?<\/li>\n<li>how should the holidays be divided?<\/li>\n<li>what about birthdays, and the birthdays of the extended family members?<\/li>\n<\/ul>\n<p>When the visitation schedule is complete, it can become a part of the <a href=\"https:\/\/familylawyer-thehague.nl\/parenting-plan-2\/\">parenting plan<\/a>.<\/p>\n<p>It is advisable to make a plan for each year. You can make different schedules for even years and odd years, in which Christmas for instance is with one parent in the odd years and with the other parents in the even years.<\/p>\n<p>You can agree to make a definite schedule before December 1st every year. You can also agree that changes can be suggested upto one month before the start of each holiday, or the start of each hand over of the children.<\/p>\n<p>If you need to know when the Dutch schools have their school holidays, you can visit this <a href=\"https:\/\/www.rijksoverheid.nl\/onderwerpen\/schoolvakanties\">governement website<\/a> with all the holidays.<\/p>\n<p>Of course the agreement between parents is not only about the dates, but also about the way the children are handed over to the other parent. This is preferably done in a way where the parents can have a normal (short) conversation in the presence of the child. The parents can also make agreements about when and how to exchange information, preferable not via the child or not in the presence of the child.<\/p>\n<pre id=\"tw-target-text\" class=\"tw-data-text tw-text-large tw-ta\" dir=\"ltr\" data-placeholder=\"Vertaling\"><\/pre>\n<pre id=\"tw-target-text\" class=\"tw-data-text tw-text-large tw-ta\" dir=\"ltr\" data-placeholder=\"Vertaling\"><\/pre>\n<p>[\/fusion_text][\/fusion_builder_column][fusion_builder_column type=&#8221;1_5&#8243; layout=&#8221;1_5&#8243; spacing=&#8221;&#8221; center_content=&#8221;no&#8221; link=&#8221;&#8221; target=&#8221;_self&#8221; min_height=&#8221;&#8221; hide_on_mobile=&#8221;small-visibility,medium-visibility,large-visibility&#8221; class=&#8221;&#8221; id=&#8221;&#8221; background_color=&#8221;&#8221; background_image=&#8221;&#8221; background_image_id=&#8221;&#8221; background_position=&#8221;left top&#8221; background_repeat=&#8221;no-repeat&#8221; hover_type=&#8221;none&#8221; border_color=&#8221;&#8221; border_style=&#8221;solid&#8221; border_position=&#8221;all&#8221; border_radius=&#8221;&#8221; box_shadow=&#8221;no&#8221; dimension_box_shadow=&#8221;&#8221; box_shadow_blur=&#8221;0&#8243; box_shadow_spread=&#8221;0&#8243; box_shadow_color=&#8221;&#8221; box_shadow_style=&#8221;&#8221; padding_top=&#8221;&#8221; padding_right=&#8221;&#8221; padding_bottom=&#8221;&#8221; padding_left=&#8221;&#8221; margin_top=&#8221;&#8221; margin_bottom=&#8221;&#8221; animation_type=&#8221;&#8221; animation_direction=&#8221;left&#8221; animation_speed=&#8221;0.3&#8243; animation_offset=&#8221;&#8221; last=&#8221;true&#8221; border_sizes_top=&#8221;0&#8243; border_sizes_bottom=&#8221;0&#8243; border_sizes_left=&#8221;0&#8243; border_sizes_right=&#8221;0&#8243; first=&#8221;false&#8221;][\/fusion_builder_column][\/fusion_builder_row][\/fusion_builder_container]<\/p>\n","protected":false},"excerpt":{"rendered":"<p>[fusion_builder_container hundred_percent=&#8221;no&#8221; equal_height_columns=&#8221;no&#8221; hide_on_mobile=&#8221;small-visibility,medium-visibility,large-visibility&#8221; background_position=&#8221;center center&#8221; background_repeat=&#8221;no-repeat&#8221; fade=&#8221;no&#8221; background_parallax=&#8221;none&#8221; parallax_speed=&#8221;0.3&#8243; video_aspect_ratio=&#8221;16:9&#8243; video_loop=&#8221;yes&#8221; video_mute=&#8221;yes&#8221; border_style=&#8221;solid&#8221; type=&#8221;legacy&#8221;][fusion_builder_row][fusion_builder_column type=&#8221;1_5&#8243; layout=&#8221;1_5&#8243; spacing=&#8221;&#8221; center_content=&#8221;no&#8221; link=&#8221;&#8221; target=&#8221;_self&#8221; min_height=&#8221;&#8221; hide_on_mobile=&#8221;small-visibility,medium-visibility,large-visibility&#8221; class=&#8221;&#8221; id=&#8221;&#8221; background_color=&#8221;&#8221; background_image=&#8221;&#8221; background_image_id=&#8221;&#8221; background_position=&#8221;left top&#8221; background_repeat=&#8221;no-repeat&#8221; hover_type=&#8221;none&#8221; border_color=&#8221;&#8221; border_style=&#8221;solid&#8221; border_position=&#8221;all&#8221; border_radius=&#8221;&#8221; box_shadow=&#8221;no&#8221; dimension_box_shadow=&#8221;&#8221; box_shadow_blur=&#8221;0&#8243; box_shadow_spread=&#8221;0&#8243; box_shadow_color=&#8221;&#8221; box_shadow_style=&#8221;&#8221; padding_top=&#8221;&#8221; padding_right=&#8221;&#8221; padding_bottom=&#8221;&#8221; padding_left=&#8221;&#8221; margin_top=&#8221;&#8221; margin_bottom=&#8221;&#8221; animation_type=&#8221;&#8221; animation_direction=&#8221;left&#8221; animation_speed=&#8221;0.3&#8243; animation_offset=&#8221;&#8221; last=&#8221;false&#8221; border_sizes_top=&#8221;0&#8243; border_sizes_bottom=&#8221;0&#8243; [&hellip;]<\/p>\n","protected":false},"author":3,"featured_media":4782,"parent":0,"menu_order":0,"comment_status":"closed","ping_status":"closed","template":"","meta":{"_et_pb_use_builder":"","_et_pb_old_content":"","_et_gb_content_width":"","om_disable_all_campaigns":false,"_monsterinsights_skip_tracking":false,"_monsterinsights_sitenote_active":false,"_monsterinsights_sitenote_note":"","_monsterinsights_sitenote_category":0,"footnotes":""},"class_list":["post-4486","page","type-page","status-publish","has-post-thumbnail","hentry"],"yoast_head":"<!-- This site is optimized with the Yoast SEO plugin v27.3 - https:\/\/yoast.com\/product\/yoast-seo-wordpress\/ -->\n<title>Visitation schedule - Family Lawyer The Hague<\/title>\n<meta name=\"description\" content=\"When discussing the visitation schedule, it is important to take into account all the circumstances and interests of everyone involved.\" \/>\n<meta name=\"robots\" content=\"index, follow, max-snippet:-1, max-image-preview:large, max-video-preview:-1\" \/>\n<link rel=\"canonical\" href=\"https:\/\/familylawyer-thehague.nl\/fr\/visitation-schedule\/\" \/>\n<meta property=\"og:locale\" content=\"fr_FR\" \/>\n<meta property=\"og:type\" content=\"article\" \/>\n<meta property=\"og:title\" content=\"Visitation schedule - Family Lawyer The Hague\" \/>\n<meta property=\"og:description\" content=\"When discussing the visitation schedule, it is important to take into account all the circumstances and interests of everyone involved.\" \/>\n<meta property=\"og:url\" content=\"https:\/\/familylawyer-thehague.nl\/fr\/visitation-schedule\/\" \/>\n<meta property=\"og:site_name\" content=\"Family Lawyer The Hague\" \/>\n<meta property=\"article:modified_time\" content=\"2023-01-09T22:15:03+00:00\" \/>\n<meta property=\"og:image\" content=\"https:\/\/familylawyer-thehague.nl\/wp-content\/uploads\/Calendar.jpeg\" \/>\n\t<meta property=\"og:image:width\" content=\"474\" \/>\n\t<meta property=\"og:image:height\" content=\"366\" \/>\n\t<meta property=\"og:image:type\" content=\"image\/jpeg\" \/>\n<meta name=\"twitter:card\" content=\"summary_large_image\" \/>\n<meta name=\"twitter:label1\" content=\"Dur\u00e9e de lecture estim\u00e9e\" \/>\n\t<meta name=\"twitter:data1\" content=\"2 minutes\" \/>\n<script type=\"application\/ld+json\" class=\"yoast-schema-graph\">{\"@context\":\"https:\\\/\\\/schema.org\",\"@graph\":[{\"@type\":\"WebPage\",\"@id\":\"https:\\\/\\\/familylawyer-thehague.nl\\\/visitation-schedule\\\/\",\"url\":\"https:\\\/\\\/familylawyer-thehague.nl\\\/visitation-schedule\\\/\",\"name\":\"Visitation schedule - Family Lawyer The Hague\",\"isPartOf\":{\"@id\":\"https:\\\/\\\/familylawyer-thehague.nl\\\/nl\\\/#website\"},\"primaryImageOfPage\":{\"@id\":\"https:\\\/\\\/familylawyer-thehague.nl\\\/visitation-schedule\\\/#primaryimage\"},\"image\":{\"@id\":\"https:\\\/\\\/familylawyer-thehague.nl\\\/visitation-schedule\\\/#primaryimage\"},\"thumbnailUrl\":\"https:\\\/\\\/familylawyer-thehague.nl\\\/wp-content\\\/uploads\\\/Calendar.jpeg\",\"datePublished\":\"2022-11-22T15:37:52+00:00\",\"dateModified\":\"2023-01-09T22:15:03+00:00\",\"description\":\"When discussing the visitation schedule, it is important to take into account all the circumstances and interests of everyone involved.\",\"breadcrumb\":{\"@id\":\"https:\\\/\\\/familylawyer-thehague.nl\\\/visitation-schedule\\\/#breadcrumb\"},\"inLanguage\":\"fr-FR\",\"potentialAction\":[{\"@type\":\"ReadAction\",\"target\":[\"https:\\\/\\\/familylawyer-thehague.nl\\\/visitation-schedule\\\/\"]}]},{\"@type\":\"ImageObject\",\"inLanguage\":\"fr-FR\",\"@id\":\"https:\\\/\\\/familylawyer-thehague.nl\\\/visitation-schedule\\\/#primaryimage\",\"url\":\"https:\\\/\\\/familylawyer-thehague.nl\\\/wp-content\\\/uploads\\\/Calendar.jpeg\",\"contentUrl\":\"https:\\\/\\\/familylawyer-thehague.nl\\\/wp-content\\\/uploads\\\/Calendar.jpeg\",\"width\":474,\"height\":366,\"caption\":\"visitation schedule\"},{\"@type\":\"BreadcrumbList\",\"@id\":\"https:\\\/\\\/familylawyer-thehague.nl\\\/visitation-schedule\\\/#breadcrumb\",\"itemListElement\":[{\"@type\":\"ListItem\",\"position\":1,\"name\":\"Home\",\"item\":\"https:\\\/\\\/familylawyer-thehague.nl\\\/\"},{\"@type\":\"ListItem\",\"position\":2,\"name\":\"Visitation schedule\"}]},{\"@type\":\"WebSite\",\"@id\":\"https:\\\/\\\/familylawyer-thehague.nl\\\/nl\\\/#website\",\"url\":\"https:\\\/\\\/familylawyer-thehague.nl\\\/nl\\\/\",\"name\":\"Family Lawyer The Hague\",\"description\":\"\",\"publisher\":{\"@id\":\"https:\\\/\\\/familylawyer-thehague.nl\\\/nl\\\/#organization\"},\"potentialAction\":[{\"@type\":\"SearchAction\",\"target\":{\"@type\":\"EntryPoint\",\"urlTemplate\":\"https:\\\/\\\/familylawyer-thehague.nl\\\/nl\\\/?s={search_term_string}\"},\"query-input\":{\"@type\":\"PropertyValueSpecification\",\"valueRequired\":true,\"valueName\":\"search_term_string\"}}],\"inLanguage\":\"fr-FR\"},{\"@type\":[\"Organization\",\"Place\",\"LegalService\"],\"@id\":\"https:\\\/\\\/familylawyer-thehague.nl\\\/nl\\\/#organization\",\"name\":\"Family Lawyer The Hague\",\"url\":\"https:\\\/\\\/familylawyer-thehague.nl\\\/nl\\\/\",\"logo\":{\"@id\":\"https:\\\/\\\/familylawyer-thehague.nl\\\/visitation-schedule\\\/#local-main-organization-logo\"},\"image\":{\"@id\":\"https:\\\/\\\/familylawyer-thehague.nl\\\/visitation-schedule\\\/#local-main-organization-logo\"},\"address\":{\"@id\":\"https:\\\/\\\/familylawyer-thehague.nl\\\/visitation-schedule\\\/#local-main-place-address\"},\"geo\":{\"@type\":\"GeoCoordinates\",\"latitude\":\"52.075247866705915\",\"longitude\":\"4.356969716619772\"},\"telephone\":[\"+31 62 41 37 819\"],\"openingHoursSpecification\":[{\"@type\":\"OpeningHoursSpecification\",\"dayOfWeek\":[\"Monday\",\"Tuesday\",\"Wednesday\",\"Thursday\",\"Friday\"],\"opens\":\"09:00\",\"closes\":\"17:00\"},{\"@type\":\"OpeningHoursSpecification\",\"dayOfWeek\":[\"Saturday\",\"Sunday\"],\"opens\":\"00:00\",\"closes\":\"00:00\"}],\"email\":\"info@familylawyer-thehague.nl\"},{\"@type\":\"PostalAddress\",\"@id\":\"https:\\\/\\\/familylawyer-thehague.nl\\\/visitation-schedule\\\/#local-main-place-address\",\"streetAddress\":\"Jacob van den Eyndestraat 73\",\"addressLocality\":\"Voorburg\",\"postalCode\":\"2274 XA\",\"addressCountry\":\"NL\"},{\"@type\":\"ImageObject\",\"inLanguage\":\"fr-FR\",\"@id\":\"https:\\\/\\\/familylawyer-thehague.nl\\\/visitation-schedule\\\/#local-main-organization-logo\",\"url\":\"https:\\\/\\\/familylawyer-thehague.nl\\\/wp-content\\\/uploads\\\/logo-family-lawyer.svg\",\"contentUrl\":\"https:\\\/\\\/familylawyer-thehague.nl\\\/wp-content\\\/uploads\\\/logo-family-lawyer.svg\",\"width\":356,\"height\":72,\"caption\":\"Family Lawyer The Hague\"}]}<\/script>\n<meta name=\"geo.placename\" content=\"Voorburg\" \/>\n<meta name=\"geo.position\" content=\"52.075247866705915;4.356969716619772\" \/>\n<meta name=\"geo.region\" content=\"Pays-Bas\" \/>\n<!-- \/ Yoast SEO plugin. -->","yoast_head_json":{"title":"Calendrier des visites - Avocat en droit de la famille \u00e0 La Haye","description":"Lors de la discussion du calendrier des visites, il est important de prendre en compte toutes les circonstances et les int\u00e9r\u00eats de toutes les personnes concern\u00e9es.","robots":{"index":"index","follow":"follow","max-snippet":"max-snippet:-1","max-image-preview":"max-image-preview:large","max-video-preview":"max-video-preview:-1"},"canonical":"https:\/\/familylawyer-thehague.nl\/fr\/visitation-schedule\/","og_locale":"fr_FR","og_type":"article","og_title":"Visitation schedule - Family Lawyer The Hague","og_description":"When discussing the visitation schedule, it is important to take into account all the circumstances and interests of everyone involved.","og_url":"https:\/\/familylawyer-thehague.nl\/fr\/visitation-schedule\/","og_site_name":"Family Lawyer The Hague","article_modified_time":"2023-01-09T22:15:03+00:00","og_image":[{"width":474,"height":366,"url":"https:\/\/familylawyer-thehague.nl\/wp-content\/uploads\/Calendar.jpeg","type":"image\/jpeg"}],"twitter_card":"summary_large_image","twitter_misc":{"Dur\u00e9e de lecture estim\u00e9e":"2 minutes"},"schema":{"@context":"https:\/\/schema.org","@graph":[{"@type":"WebPage","@id":"https:\/\/familylawyer-thehague.nl\/visitation-schedule\/","url":"https:\/\/familylawyer-thehague.nl\/visitation-schedule\/","name":"Calendrier des visites - Avocat en droit de la famille \u00e0 La Haye","isPartOf":{"@id":"https:\/\/familylawyer-thehague.nl\/nl\/#website"},"primaryImageOfPage":{"@id":"https:\/\/familylawyer-thehague.nl\/visitation-schedule\/#primaryimage"},"image":{"@id":"https:\/\/familylawyer-thehague.nl\/visitation-schedule\/#primaryimage"},"thumbnailUrl":"https:\/\/familylawyer-thehague.nl\/wp-content\/uploads\/Calendar.jpeg","datePublished":"2022-11-22T15:37:52+00:00","dateModified":"2023-01-09T22:15:03+00:00","description":"Lors de la discussion du calendrier des visites, il est important de prendre en compte toutes les circonstances et les int\u00e9r\u00eats de toutes les personnes concern\u00e9es.","breadcrumb":{"@id":"https:\/\/familylawyer-thehague.nl\/visitation-schedule\/#breadcrumb"},"inLanguage":"fr-FR","potentialAction":[{"@type":"ReadAction","target":["https:\/\/familylawyer-thehague.nl\/visitation-schedule\/"]}]},{"@type":"ImageObject","inLanguage":"fr-FR","@id":"https:\/\/familylawyer-thehague.nl\/visitation-schedule\/#primaryimage","url":"https:\/\/familylawyer-thehague.nl\/wp-content\/uploads\/Calendar.jpeg","contentUrl":"https:\/\/familylawyer-thehague.nl\/wp-content\/uploads\/Calendar.jpeg","width":474,"height":366,"caption":"visitation schedule"},{"@type":"BreadcrumbList","@id":"https:\/\/familylawyer-thehague.nl\/visitation-schedule\/#breadcrumb","itemListElement":[{"@type":"ListItem","position":1,"name":"Home","item":"https:\/\/familylawyer-thehague.nl\/"},{"@type":"ListItem","position":2,"name":"Visitation schedule"}]},{"@type":"WebSite","@id":"https:\/\/familylawyer-thehague.nl\/nl\/#website","url":"https:\/\/familylawyer-thehague.nl\/nl\/","name":"Avocat de la famille La Haye","description":"","publisher":{"@id":"https:\/\/familylawyer-thehague.nl\/nl\/#organization"},"potentialAction":[{"@type":"SearchAction","target":{"@type":"EntryPoint","urlTemplate":"https:\/\/familylawyer-thehague.nl\/nl\/?s={search_term_string}"},"query-input":{"@type":"PropertyValueSpecification","valueRequired":true,"valueName":"search_term_string"}}],"inLanguage":"fr-FR"},{"@type":["Organization","Place","LegalService"],"@id":"https:\/\/familylawyer-thehague.nl\/nl\/#organization","name":"Avocat de la famille La Haye","url":"https:\/\/familylawyer-thehague.nl\/nl\/","logo":{"@id":"https:\/\/familylawyer-thehague.nl\/visitation-schedule\/#local-main-organization-logo"},"image":{"@id":"https:\/\/familylawyer-thehague.nl\/visitation-schedule\/#local-main-organization-logo"},"address":{"@id":"https:\/\/familylawyer-thehague.nl\/visitation-schedule\/#local-main-place-address"},"geo":{"@type":"GeoCoordinates","latitude":"52.075247866705915","longitude":"4.356969716619772"},"telephone":["+31 62 41 37 819"],"openingHoursSpecification":[{"@type":"OpeningHoursSpecification","dayOfWeek":["Monday","Tuesday","Wednesday","Thursday","Friday"],"opens":"09:00","closes":"17:00"},{"@type":"OpeningHoursSpecification","dayOfWeek":["Saturday","Sunday"],"opens":"00:00","closes":"00:00"}],"email":"info@familylawyer-thehague.nl"},{"@type":"PostalAddress","@id":"https:\/\/familylawyer-thehague.nl\/visitation-schedule\/#local-main-place-address","streetAddress":"Jacob van den Eyndestraat 73","addressLocality":"Voorburg","postalCode":"2274 XA","addressCountry":"NL"},{"@type":"ImageObject","inLanguage":"fr-FR","@id":"https:\/\/familylawyer-thehague.nl\/visitation-schedule\/#local-main-organization-logo","url":"https:\/\/familylawyer-thehague.nl\/wp-content\/uploads\/logo-family-lawyer.svg","contentUrl":"https:\/\/familylawyer-thehague.nl\/wp-content\/uploads\/logo-family-lawyer.svg","width":356,"height":72,"caption":"Family Lawyer The Hague"}]},"geo.placename":"Voorburg","geo.position":{"lat":"52.075247866705915","long":"4.356969716619772"},"geo.region":"Pays-Bas"},"_links":{"self":[{"href":"https:\/\/familylawyer-thehague.nl\/fr\/wp-json\/wp\/v2\/pages\/4486","targetHints":{"allow":["GET"]}}],"collection":[{"href":"https:\/\/familylawyer-thehague.nl\/fr\/wp-json\/wp\/v2\/pages"}],"about":[{"href":"https:\/\/familylawyer-thehague.nl\/fr\/wp-json\/wp\/v2\/types\/page"}],"author":[{"embeddable":true,"href":"https:\/\/familylawyer-thehague.nl\/fr\/wp-json\/wp\/v2\/users\/3"}],"replies":[{"embeddable":true,"href":"https:\/\/familylawyer-thehague.nl\/fr\/wp-json\/wp\/v2\/comments?post=4486"}],"version-history":[{"count":0,"href":"https:\/\/familylawyer-thehague.nl\/fr\/wp-json\/wp\/v2\/pages\/4486\/revisions"}],"wp:featuredmedia":[{"embeddable":true,"href":"https:\/\/familylawyer-thehague.nl\/fr\/wp-json\/wp\/v2\/media\/4782"}],"wp:attachment":[{"href":"https:\/\/familylawyer-thehague.nl\/fr\/wp-json\/wp\/v2\/media?parent=4486"}],"curies":[{"name":"wp","href":"https:\/\/api.w.org\/{rel}","templated":true}]}}