{"id":4489,"date":"2022-11-22T19:32:25","date_gmt":"2022-11-22T18:32:25","guid":{"rendered":"https:\/\/familylawyer-thehague.nl\/?page_id=4489"},"modified":"2023-01-07T11:35:35","modified_gmt":"2023-01-07T10:35:35","slug":"holidays","status":"publish","type":"page","link":"https:\/\/familylawyer-thehague.nl\/fr\/holidays\/","title":{"rendered":"Vacances"},"content":{"rendered":"<p>[fusion_builder_container hundred_percent=&#8221;no&#8221; equal_height_columns=&#8221;no&#8221; hide_on_mobile=&#8221;small-visibility,medium-visibility,large-visibility&#8221; background_position=&#8221;center center&#8221; background_repeat=&#8221;no-repeat&#8221; fade=&#8221;no&#8221; background_parallax=&#8221;none&#8221; parallax_speed=&#8221;0.3&#8243; video_aspect_ratio=&#8221;16:9&#8243; video_loop=&#8221;yes&#8221; video_mute=&#8221;yes&#8221; border_style=&#8221;solid&#8221; type=&#8221;legacy&#8221;][fusion_builder_row][fusion_builder_column type=&#8221;1_5&#8243; layout=&#8221;1_5&#8243; spacing=&#8221;&#8221; center_content=&#8221;no&#8221; link=&#8221;&#8221; target=&#8221;_self&#8221; min_height=&#8221;&#8221; hide_on_mobile=&#8221;small-visibility,medium-visibility,large-visibility&#8221; class=&#8221;&#8221; id=&#8221;&#8221; background_color=&#8221;&#8221; background_image=&#8221;&#8221; background_image_id=&#8221;&#8221; background_position=&#8221;left top&#8221; background_repeat=&#8221;no-repeat&#8221; hover_type=&#8221;none&#8221; border_color=&#8221;&#8221; border_style=&#8221;solid&#8221; border_position=&#8221;all&#8221; border_radius=&#8221;&#8221; box_shadow=&#8221;no&#8221; dimension_box_shadow=&#8221;&#8221; box_shadow_blur=&#8221;0&#8243; box_shadow_spread=&#8221;0&#8243; box_shadow_color=&#8221;&#8221; box_shadow_style=&#8221;&#8221; padding_top=&#8221;&#8221; padding_right=&#8221;&#8221; padding_bottom=&#8221;&#8221; padding_left=&#8221;&#8221; margin_top=&#8221;&#8221; margin_bottom=&#8221;&#8221; animation_type=&#8221;&#8221; animation_direction=&#8221;left&#8221; animation_speed=&#8221;0.3&#8243; animation_offset=&#8221;&#8221; last=&#8221;false&#8221; border_sizes_top=&#8221;0&#8243; border_sizes_bottom=&#8221;0&#8243; border_sizes_left=&#8221;0&#8243; border_sizes_right=&#8221;0&#8243; first=&#8221;true&#8221; spacing_right=&#8221;&#8221;][\/fusion_builder_column][fusion_builder_column type=&#8221;3_5&#8243; layout=&#8221;3_5&#8243; spacing=&#8221;&#8221; center_content=&#8221;no&#8221; link=&#8221;&#8221; target=&#8221;_self&#8221; min_height=&#8221;&#8221; hide_on_mobile=&#8221;small-visibility,medium-visibility,large-visibility&#8221; class=&#8221;&#8221; id=&#8221;&#8221; background_color=&#8221;&#8221; background_image=&#8221;&#8221; background_image_id=&#8221;&#8221; background_position=&#8221;left top&#8221; background_repeat=&#8221;no-repeat&#8221; hover_type=&#8221;none&#8221; border_color=&#8221;&#8221; border_style=&#8221;solid&#8221; border_position=&#8221;all&#8221; border_radius=&#8221;&#8221; box_shadow=&#8221;no&#8221; dimension_box_shadow=&#8221;&#8221; box_shadow_blur=&#8221;0&#8243; box_shadow_spread=&#8221;0&#8243; box_shadow_color=&#8221;&#8221; box_shadow_style=&#8221;&#8221; padding_top=&#8221;&#8221; padding_right=&#8221;&#8221; padding_bottom=&#8221;&#8221; padding_left=&#8221;&#8221; margin_top=&#8221;&#8221; margin_bottom=&#8221;&#8221; animation_type=&#8221;&#8221; animation_direction=&#8221;left&#8221; animation_speed=&#8221;0.3&#8243; animation_offset=&#8221;&#8221; last=&#8221;false&#8221; border_sizes_top=&#8221;0&#8243; border_sizes_bottom=&#8221;0&#8243; border_sizes_left=&#8221;0&#8243; border_sizes_right=&#8221;0&#8243; first=&#8221;false&#8221; spacing_right=&#8221;&#8221;][fusion_text columns=&#8221;&#8221; column_min_width=&#8221;&#8221; column_spacing=&#8221;&#8221; rule_style=&#8221;&#8221; rule_size=&#8221;&#8221; rule_color=&#8221;&#8221; hue=&#8221;&#8221; saturation=&#8221;&#8221; lightness=&#8221;&#8221; alpha=&#8221;&#8221; content_alignment_medium=&#8221;&#8221; content_alignment_small=&#8221;&#8221; content_alignment=&#8221;&#8221; hide_on_mobile=&#8221;small-visibility,medium-visibility,large-visibility&#8221; sticky_display=&#8221;normal,sticky&#8221; class=&#8221;&#8221; id=&#8221;&#8221; margin_top=&#8221;&#8221; margin_right=&#8221;&#8221; margin_bottom=&#8221;&#8221; margin_left=&#8221;&#8221; fusion_font_family_text_font=&#8221;&#8221; fusion_font_variant_text_font=&#8221;&#8221; font_size=&#8221;&#8221; line_height=&#8221;&#8221; letter_spacing=&#8221;&#8221; text_transform=&#8221;&#8221; text_color=&#8221;&#8221; animation_type=&#8221;&#8221; animation_direction=&#8221;left&#8221; animation_speed=&#8221;0.3&#8243; animation_offset=&#8221;&#8221;]<\/p>\n<h3>Visitation:<\/h3>\n<h2>Holidays<\/h2>\n<p>Making a yearly schedule for the weeks when school is closed and for the family vacations can be dificult. Especially when the parents have international careers, or when the children have (half) siblings living in different countries. Some countries have totally different school schedules. In Brazil for instance, a school term runs usually from February to June and from August to December. This is difficult to combine with the school holidays in the Netherlands, where children have 6 weeks off in the summer and 2 weeks for Christmas. You can see the schedule for the Dutch schools on this <a href=\"https:\/\/www.rijksoverheid.nl\/onderwerpen\/schoolvakanties\">government website<\/a>. The exact schedule depends on the region in which the school is located.<\/p>\n<p>During mediation we can discuss the visitation arrangement and pay attention to:<\/p>\n<ul>\n<li>what have the children gotten used to, when it comes to the vacations and holidays?<\/li>\n<li>what are the logistical challenges?<\/li>\n<li>what are the <a href=\"https:\/\/familylawyer-thehague.nl\/costs-of-traveling\/\">costs of traveling<\/a>?<\/li>\n<li>where will the (half) siblings and other (extended) family members spend the holidays?<\/li>\n<li>should their ties to a country and it&#8217;s culture be considered?<\/li>\n<\/ul>\n<p>Spending a vacation as a bleded family can be stressful. You can ask for advice from a <a href=\"https:\/\/www.thestepparentcoach.co.uk\/\">steph parent coach<\/a>.<\/p>\n<p>[\/fusion_text][\/fusion_builder_column][fusion_builder_column type=&#8221;1_5&#8243; layout=&#8221;1_5&#8243; spacing=&#8221;&#8221; center_content=&#8221;no&#8221; link=&#8221;&#8221; target=&#8221;_self&#8221; min_height=&#8221;&#8221; hide_on_mobile=&#8221;small-visibility,medium-visibility,large-visibility&#8221; class=&#8221;&#8221; id=&#8221;&#8221; background_color=&#8221;&#8221; background_image=&#8221;&#8221; background_image_id=&#8221;&#8221; background_position=&#8221;left top&#8221; background_repeat=&#8221;no-repeat&#8221; hover_type=&#8221;none&#8221; border_color=&#8221;&#8221; border_style=&#8221;solid&#8221; border_position=&#8221;all&#8221; border_radius=&#8221;&#8221; box_shadow=&#8221;no&#8221; dimension_box_shadow=&#8221;&#8221; box_shadow_blur=&#8221;0&#8243; box_shadow_spread=&#8221;0&#8243; box_shadow_color=&#8221;&#8221; box_shadow_style=&#8221;&#8221; padding_top=&#8221;&#8221; padding_right=&#8221;&#8221; padding_bottom=&#8221;&#8221; padding_left=&#8221;&#8221; margin_top=&#8221;&#8221; margin_bottom=&#8221;&#8221; animation_type=&#8221;&#8221; animation_direction=&#8221;left&#8221; animation_speed=&#8221;0.3&#8243; animation_offset=&#8221;&#8221; last=&#8221;true&#8221; border_sizes_top=&#8221;0&#8243; border_sizes_bottom=&#8221;0&#8243; border_sizes_left=&#8221;0&#8243; border_sizes_right=&#8221;0&#8243; first=&#8221;false&#8221;][\/fusion_builder_column][\/fusion_builder_row][\/fusion_builder_container]<\/p>\n","protected":false},"excerpt":{"rendered":"<p>[fusion_builder_container hundred_percent=&#8221;no&#8221; equal_height_columns=&#8221;no&#8221; hide_on_mobile=&#8221;small-visibility,medium-visibility,large-visibility&#8221; background_position=&#8221;center center&#8221; background_repeat=&#8221;no-repeat&#8221; fade=&#8221;no&#8221; background_parallax=&#8221;none&#8221; parallax_speed=&#8221;0.3&#8243; video_aspect_ratio=&#8221;16:9&#8243; video_loop=&#8221;yes&#8221; video_mute=&#8221;yes&#8221; border_style=&#8221;solid&#8221; type=&#8221;legacy&#8221;][fusion_builder_row][fusion_builder_column type=&#8221;1_5&#8243; layout=&#8221;1_5&#8243; spacing=&#8221;&#8221; center_content=&#8221;no&#8221; link=&#8221;&#8221; target=&#8221;_self&#8221; min_height=&#8221;&#8221; hide_on_mobile=&#8221;small-visibility,medium-visibility,large-visibility&#8221; class=&#8221;&#8221; id=&#8221;&#8221; background_color=&#8221;&#8221; background_image=&#8221;&#8221; background_image_id=&#8221;&#8221; background_position=&#8221;left top&#8221; background_repeat=&#8221;no-repeat&#8221; hover_type=&#8221;none&#8221; border_color=&#8221;&#8221; border_style=&#8221;solid&#8221; border_position=&#8221;all&#8221; border_radius=&#8221;&#8221; box_shadow=&#8221;no&#8221; dimension_box_shadow=&#8221;&#8221; box_shadow_blur=&#8221;0&#8243; box_shadow_spread=&#8221;0&#8243; box_shadow_color=&#8221;&#8221; box_shadow_style=&#8221;&#8221; padding_top=&#8221;&#8221; padding_right=&#8221;&#8221; padding_bottom=&#8221;&#8221; padding_left=&#8221;&#8221; margin_top=&#8221;&#8221; margin_bottom=&#8221;&#8221; animation_type=&#8221;&#8221; animation_direction=&#8221;left&#8221; animation_speed=&#8221;0.3&#8243; animation_offset=&#8221;&#8221; last=&#8221;false&#8221; border_sizes_top=&#8221;0&#8243; border_sizes_bottom=&#8221;0&#8243; [&hellip;]<\/p>\n","protected":false},"author":3,"featured_media":4984,"parent":0,"menu_order":0,"comment_status":"closed","ping_status":"closed","template":"","meta":{"_et_pb_use_builder":"","_et_pb_old_content":"","_et_gb_content_width":"","om_disable_all_campaigns":false,"_monsterinsights_skip_tracking":false,"_monsterinsights_sitenote_active":false,"_monsterinsights_sitenote_note":"","_monsterinsights_sitenote_category":0,"footnotes":""},"class_list":["post-4489","page","type-page","status-publish","has-post-thumbnail","hentry"],"yoast_head":"<!-- This site is optimized with the Yoast SEO plugin v27.5 - https:\/\/yoast.com\/product\/yoast-seo-wordpress\/ -->\n<title>Holidays - Family Lawyer The Hague<\/title>\n<meta name=\"description\" content=\"Holidays after divorce can be complicated. Especially with international careers, or (half) siblings living in different countries.\" \/>\n<meta name=\"robots\" content=\"index, follow, max-snippet:-1, max-image-preview:large, max-video-preview:-1\" \/>\n<link rel=\"canonical\" href=\"https:\/\/familylawyer-thehague.nl\/fr\/holidays\/\" \/>\n<meta property=\"og:locale\" content=\"fr_FR\" \/>\n<meta property=\"og:type\" content=\"article\" \/>\n<meta property=\"og:title\" content=\"Holidays - Family Lawyer The Hague\" \/>\n<meta property=\"og:description\" content=\"Holidays after divorce can be complicated. Especially with international careers, or (half) siblings living in different countries.\" \/>\n<meta property=\"og:url\" content=\"https:\/\/familylawyer-thehague.nl\/fr\/holidays\/\" \/>\n<meta property=\"og:site_name\" content=\"Family Lawyer The Hague\" \/>\n<meta property=\"article:modified_time\" content=\"2023-01-07T10:35:35+00:00\" \/>\n<meta property=\"og:image\" content=\"https:\/\/familylawyer-thehague.nl\/wp-content\/uploads\/airport-1-scaled-e1673086938229.jpg\" \/>\n\t<meta property=\"og:image:width\" content=\"1200\" \/>\n\t<meta property=\"og:image:height\" content=\"797\" \/>\n\t<meta property=\"og:image:type\" content=\"image\/jpeg\" \/>\n<meta name=\"twitter:card\" content=\"summary_large_image\" \/>\n<meta name=\"twitter:label1\" content=\"Dur\u00e9e de lecture estim\u00e9e\" \/>\n\t<meta name=\"twitter:data1\" content=\"2 minutes\" \/>\n<script type=\"application\/ld+json\" class=\"yoast-schema-graph\">{\"@context\":\"https:\\\/\\\/schema.org\",\"@graph\":[{\"@type\":\"WebPage\",\"@id\":\"https:\\\/\\\/familylawyer-thehague.nl\\\/holidays\\\/\",\"url\":\"https:\\\/\\\/familylawyer-thehague.nl\\\/holidays\\\/\",\"name\":\"Holidays - Family Lawyer The Hague\",\"isPartOf\":{\"@id\":\"https:\\\/\\\/familylawyer-thehague.nl\\\/nl\\\/#website\"},\"primaryImageOfPage\":{\"@id\":\"https:\\\/\\\/familylawyer-thehague.nl\\\/holidays\\\/#primaryimage\"},\"image\":{\"@id\":\"https:\\\/\\\/familylawyer-thehague.nl\\\/holidays\\\/#primaryimage\"},\"thumbnailUrl\":\"https:\\\/\\\/familylawyer-thehague.nl\\\/wp-content\\\/uploads\\\/airport-1-scaled-e1673086938229.jpg\",\"datePublished\":\"2022-11-22T18:32:25+00:00\",\"dateModified\":\"2023-01-07T10:35:35+00:00\",\"description\":\"Holidays after divorce can be complicated. Especially with international careers, or (half) siblings living in different countries.\",\"breadcrumb\":{\"@id\":\"https:\\\/\\\/familylawyer-thehague.nl\\\/holidays\\\/#breadcrumb\"},\"inLanguage\":\"fr-FR\",\"potentialAction\":[{\"@type\":\"ReadAction\",\"target\":[\"https:\\\/\\\/familylawyer-thehague.nl\\\/holidays\\\/\"]}]},{\"@type\":\"ImageObject\",\"inLanguage\":\"fr-FR\",\"@id\":\"https:\\\/\\\/familylawyer-thehague.nl\\\/holidays\\\/#primaryimage\",\"url\":\"https:\\\/\\\/familylawyer-thehague.nl\\\/wp-content\\\/uploads\\\/airport-1-scaled-e1673086938229.jpg\",\"contentUrl\":\"https:\\\/\\\/familylawyer-thehague.nl\\\/wp-content\\\/uploads\\\/airport-1-scaled-e1673086938229.jpg\",\"width\":1200,\"height\":797,\"caption\":\"holidays\"},{\"@type\":\"BreadcrumbList\",\"@id\":\"https:\\\/\\\/familylawyer-thehague.nl\\\/holidays\\\/#breadcrumb\",\"itemListElement\":[{\"@type\":\"ListItem\",\"position\":1,\"name\":\"Home\",\"item\":\"https:\\\/\\\/familylawyer-thehague.nl\\\/\"},{\"@type\":\"ListItem\",\"position\":2,\"name\":\"Holidays\"}]},{\"@type\":\"WebSite\",\"@id\":\"https:\\\/\\\/familylawyer-thehague.nl\\\/nl\\\/#website\",\"url\":\"https:\\\/\\\/familylawyer-thehague.nl\\\/nl\\\/\",\"name\":\"Family Lawyer The Hague\",\"description\":\"\",\"publisher\":{\"@id\":\"https:\\\/\\\/familylawyer-thehague.nl\\\/nl\\\/#organization\"},\"potentialAction\":[{\"@type\":\"SearchAction\",\"target\":{\"@type\":\"EntryPoint\",\"urlTemplate\":\"https:\\\/\\\/familylawyer-thehague.nl\\\/nl\\\/?s={search_term_string}\"},\"query-input\":{\"@type\":\"PropertyValueSpecification\",\"valueRequired\":true,\"valueName\":\"search_term_string\"}}],\"inLanguage\":\"fr-FR\"},{\"@type\":[\"Organization\",\"Place\",\"LegalService\"],\"@id\":\"https:\\\/\\\/familylawyer-thehague.nl\\\/nl\\\/#organization\",\"name\":\"Family Lawyer The Hague\",\"url\":\"https:\\\/\\\/familylawyer-thehague.nl\\\/nl\\\/\",\"logo\":{\"@id\":\"https:\\\/\\\/familylawyer-thehague.nl\\\/holidays\\\/#local-main-organization-logo\"},\"image\":{\"@id\":\"https:\\\/\\\/familylawyer-thehague.nl\\\/holidays\\\/#local-main-organization-logo\"},\"address\":{\"@id\":\"https:\\\/\\\/familylawyer-thehague.nl\\\/holidays\\\/#local-main-place-address\"},\"geo\":{\"@type\":\"GeoCoordinates\",\"latitude\":\"52.075247866705915\",\"longitude\":\"4.356969716619772\"},\"telephone\":[\"+31 62 41 37 819\"],\"openingHoursSpecification\":[{\"@type\":\"OpeningHoursSpecification\",\"dayOfWeek\":[\"Monday\",\"Tuesday\",\"Wednesday\",\"Thursday\",\"Friday\"],\"opens\":\"09:00\",\"closes\":\"17:00\"},{\"@type\":\"OpeningHoursSpecification\",\"dayOfWeek\":[\"Saturday\",\"Sunday\"],\"opens\":\"00:00\",\"closes\":\"00:00\"}],\"email\":\"info@familylawyer-thehague.nl\"},{\"@type\":\"PostalAddress\",\"@id\":\"https:\\\/\\\/familylawyer-thehague.nl\\\/holidays\\\/#local-main-place-address\",\"streetAddress\":\"Jacob van den Eyndestraat 73\",\"addressLocality\":\"Voorburg\",\"postalCode\":\"2274 XA\",\"addressCountry\":\"NL\"},{\"@type\":\"ImageObject\",\"inLanguage\":\"fr-FR\",\"@id\":\"https:\\\/\\\/familylawyer-thehague.nl\\\/holidays\\\/#local-main-organization-logo\",\"url\":\"https:\\\/\\\/familylawyer-thehague.nl\\\/wp-content\\\/uploads\\\/logo-family-lawyer.svg\",\"contentUrl\":\"https:\\\/\\\/familylawyer-thehague.nl\\\/wp-content\\\/uploads\\\/logo-family-lawyer.svg\",\"width\":356,\"height\":72,\"caption\":\"Family Lawyer The Hague\"}]}<\/script>\n<meta name=\"geo.placename\" content=\"Voorburg\" \/>\n<meta name=\"geo.position\" content=\"52.075247866705915;4.356969716619772\" \/>\n<meta name=\"geo.region\" content=\"Pays-Bas\" \/>\n<!-- \/ Yoast SEO plugin. -->","yoast_head_json":{"title":"Vacances - Avocat de la famille La Haye","description":"Les vacances apr\u00e8s un divorce peuvent \u00eatre compliqu\u00e9es. Surtout avec des carri\u00e8res internationales, ou des (demi) fr\u00e8res et s\u0153urs vivant dans des pays diff\u00e9rents.","robots":{"index":"index","follow":"follow","max-snippet":"max-snippet:-1","max-image-preview":"max-image-preview:large","max-video-preview":"max-video-preview:-1"},"canonical":"https:\/\/familylawyer-thehague.nl\/fr\/holidays\/","og_locale":"fr_FR","og_type":"article","og_title":"Holidays - Family Lawyer The Hague","og_description":"Holidays after divorce can be complicated. Especially with international careers, or (half) siblings living in different countries.","og_url":"https:\/\/familylawyer-thehague.nl\/fr\/holidays\/","og_site_name":"Family Lawyer The Hague","article_modified_time":"2023-01-07T10:35:35+00:00","og_image":[{"width":1200,"height":797,"url":"https:\/\/familylawyer-thehague.nl\/wp-content\/uploads\/airport-1-scaled-e1673086938229.jpg","type":"image\/jpeg"}],"twitter_card":"summary_large_image","twitter_misc":{"Dur\u00e9e de lecture estim\u00e9e":"2 minutes"},"schema":{"@context":"https:\/\/schema.org","@graph":[{"@type":"WebPage","@id":"https:\/\/familylawyer-thehague.nl\/holidays\/","url":"https:\/\/familylawyer-thehague.nl\/holidays\/","name":"Vacances - Avocat de la famille La Haye","isPartOf":{"@id":"https:\/\/familylawyer-thehague.nl\/nl\/#website"},"primaryImageOfPage":{"@id":"https:\/\/familylawyer-thehague.nl\/holidays\/#primaryimage"},"image":{"@id":"https:\/\/familylawyer-thehague.nl\/holidays\/#primaryimage"},"thumbnailUrl":"https:\/\/familylawyer-thehague.nl\/wp-content\/uploads\/airport-1-scaled-e1673086938229.jpg","datePublished":"2022-11-22T18:32:25+00:00","dateModified":"2023-01-07T10:35:35+00:00","description":"Les vacances apr\u00e8s un divorce peuvent \u00eatre compliqu\u00e9es. Surtout avec des carri\u00e8res internationales, ou des (demi) fr\u00e8res et s\u0153urs vivant dans des pays diff\u00e9rents.","breadcrumb":{"@id":"https:\/\/familylawyer-thehague.nl\/holidays\/#breadcrumb"},"inLanguage":"fr-FR","potentialAction":[{"@type":"ReadAction","target":["https:\/\/familylawyer-thehague.nl\/holidays\/"]}]},{"@type":"ImageObject","inLanguage":"fr-FR","@id":"https:\/\/familylawyer-thehague.nl\/holidays\/#primaryimage","url":"https:\/\/familylawyer-thehague.nl\/wp-content\/uploads\/airport-1-scaled-e1673086938229.jpg","contentUrl":"https:\/\/familylawyer-thehague.nl\/wp-content\/uploads\/airport-1-scaled-e1673086938229.jpg","width":1200,"height":797,"caption":"holidays"},{"@type":"BreadcrumbList","@id":"https:\/\/familylawyer-thehague.nl\/holidays\/#breadcrumb","itemListElement":[{"@type":"ListItem","position":1,"name":"Home","item":"https:\/\/familylawyer-thehague.nl\/"},{"@type":"ListItem","position":2,"name":"Holidays"}]},{"@type":"WebSite","@id":"https:\/\/familylawyer-thehague.nl\/nl\/#website","url":"https:\/\/familylawyer-thehague.nl\/nl\/","name":"Avocat de la famille La Haye","description":"","publisher":{"@id":"https:\/\/familylawyer-thehague.nl\/nl\/#organization"},"potentialAction":[{"@type":"SearchAction","target":{"@type":"EntryPoint","urlTemplate":"https:\/\/familylawyer-thehague.nl\/nl\/?s={search_term_string}"},"query-input":{"@type":"PropertyValueSpecification","valueRequired":true,"valueName":"search_term_string"}}],"inLanguage":"fr-FR"},{"@type":["Organization","Place","LegalService"],"@id":"https:\/\/familylawyer-thehague.nl\/nl\/#organization","name":"Avocat de la famille La Haye","url":"https:\/\/familylawyer-thehague.nl\/nl\/","logo":{"@id":"https:\/\/familylawyer-thehague.nl\/holidays\/#local-main-organization-logo"},"image":{"@id":"https:\/\/familylawyer-thehague.nl\/holidays\/#local-main-organization-logo"},"address":{"@id":"https:\/\/familylawyer-thehague.nl\/holidays\/#local-main-place-address"},"geo":{"@type":"GeoCoordinates","latitude":"52.075247866705915","longitude":"4.356969716619772"},"telephone":["+31 62 41 37 819"],"openingHoursSpecification":[{"@type":"OpeningHoursSpecification","dayOfWeek":["Monday","Tuesday","Wednesday","Thursday","Friday"],"opens":"09:00","closes":"17:00"},{"@type":"OpeningHoursSpecification","dayOfWeek":["Saturday","Sunday"],"opens":"00:00","closes":"00:00"}],"email":"info@familylawyer-thehague.nl"},{"@type":"PostalAddress","@id":"https:\/\/familylawyer-thehague.nl\/holidays\/#local-main-place-address","streetAddress":"Jacob van den Eyndestraat 73","addressLocality":"Voorburg","postalCode":"2274 XA","addressCountry":"NL"},{"@type":"ImageObject","inLanguage":"fr-FR","@id":"https:\/\/familylawyer-thehague.nl\/holidays\/#local-main-organization-logo","url":"https:\/\/familylawyer-thehague.nl\/wp-content\/uploads\/logo-family-lawyer.svg","contentUrl":"https:\/\/familylawyer-thehague.nl\/wp-content\/uploads\/logo-family-lawyer.svg","width":356,"height":72,"caption":"Family Lawyer The Hague"}]},"geo.placename":"Voorburg","geo.position":{"lat":"52.075247866705915","long":"4.356969716619772"},"geo.region":"Pays-Bas"},"_links":{"self":[{"href":"https:\/\/familylawyer-thehague.nl\/fr\/wp-json\/wp\/v2\/pages\/4489","targetHints":{"allow":["GET"]}}],"collection":[{"href":"https:\/\/familylawyer-thehague.nl\/fr\/wp-json\/wp\/v2\/pages"}],"about":[{"href":"https:\/\/familylawyer-thehague.nl\/fr\/wp-json\/wp\/v2\/types\/page"}],"author":[{"embeddable":true,"href":"https:\/\/familylawyer-thehague.nl\/fr\/wp-json\/wp\/v2\/users\/3"}],"replies":[{"embeddable":true,"href":"https:\/\/familylawyer-thehague.nl\/fr\/wp-json\/wp\/v2\/comments?post=4489"}],"version-history":[{"count":0,"href":"https:\/\/familylawyer-thehague.nl\/fr\/wp-json\/wp\/v2\/pages\/4489\/revisions"}],"wp:featuredmedia":[{"embeddable":true,"href":"https:\/\/familylawyer-thehague.nl\/fr\/wp-json\/wp\/v2\/media\/4984"}],"wp:attachment":[{"href":"https:\/\/familylawyer-thehague.nl\/fr\/wp-json\/wp\/v2\/media?parent=4489"}],"curies":[{"name":"wp","href":"https:\/\/api.w.org\/{rel}","templated":true}]}}