{"id":4618,"date":"2022-11-23T14:06:56","date_gmt":"2022-11-23T13:06:56","guid":{"rendered":"https:\/\/familylawyer-thehague.nl\/?page_id=4618"},"modified":"2023-01-06T20:12:08","modified_gmt":"2023-01-06T19:12:08","slug":"future-proof-parenting-plan","status":"publish","type":"page","link":"https:\/\/familylawyer-thehague.nl\/fr\/future-proof-parenting-plan\/","title":{"rendered":"Un plan parental \u00e0 l'\u00e9preuve du temps"},"content":{"rendered":"<p>[fusion_builder_container hundred_percent=&#8221;no&#8221; equal_height_columns=&#8221;no&#8221; hide_on_mobile=&#8221;small-visibility,medium-visibility,large-visibility&#8221; background_position=&#8221;center center&#8221; background_repeat=&#8221;no-repeat&#8221; fade=&#8221;no&#8221; background_parallax=&#8221;none&#8221; parallax_speed=&#8221;0.3&#8243; video_aspect_ratio=&#8221;16:9&#8243; video_loop=&#8221;yes&#8221; video_mute=&#8221;yes&#8221; border_style=&#8221;solid&#8221; type=&#8221;legacy&#8221;][fusion_builder_row][fusion_builder_column type=&#8221;1_5&#8243; layout=&#8221;1_5&#8243; spacing=&#8221;&#8221; center_content=&#8221;no&#8221; link=&#8221;&#8221; target=&#8221;_self&#8221; min_height=&#8221;&#8221; hide_on_mobile=&#8221;small-visibility,medium-visibility,large-visibility&#8221; class=&#8221;&#8221; id=&#8221;&#8221; background_color=&#8221;&#8221; background_image=&#8221;&#8221; background_image_id=&#8221;&#8221; background_position=&#8221;left top&#8221; background_repeat=&#8221;no-repeat&#8221; hover_type=&#8221;none&#8221; border_color=&#8221;&#8221; border_style=&#8221;solid&#8221; border_position=&#8221;all&#8221; border_radius=&#8221;&#8221; box_shadow=&#8221;no&#8221; dimension_box_shadow=&#8221;&#8221; box_shadow_blur=&#8221;0&#8243; box_shadow_spread=&#8221;0&#8243; box_shadow_color=&#8221;&#8221; box_shadow_style=&#8221;&#8221; padding_top=&#8221;&#8221; padding_right=&#8221;&#8221; padding_bottom=&#8221;&#8221; padding_left=&#8221;&#8221; margin_top=&#8221;&#8221; margin_bottom=&#8221;&#8221; animation_type=&#8221;&#8221; animation_direction=&#8221;left&#8221; animation_speed=&#8221;0.3&#8243; animation_offset=&#8221;&#8221; last=&#8221;false&#8221; border_sizes_top=&#8221;0&#8243; border_sizes_bottom=&#8221;0&#8243; border_sizes_left=&#8221;0&#8243; border_sizes_right=&#8221;0&#8243; first=&#8221;true&#8221; spacing_right=&#8221;&#8221;][\/fusion_builder_column][fusion_builder_column type=&#8221;3_5&#8243; layout=&#8221;3_5&#8243; spacing=&#8221;&#8221; center_content=&#8221;no&#8221; link=&#8221;&#8221; target=&#8221;_self&#8221; min_height=&#8221;&#8221; hide_on_mobile=&#8221;small-visibility,medium-visibility,large-visibility&#8221; class=&#8221;&#8221; id=&#8221;&#8221; background_color=&#8221;&#8221; background_image=&#8221;&#8221; background_image_id=&#8221;&#8221; background_position=&#8221;left top&#8221; background_repeat=&#8221;no-repeat&#8221; hover_type=&#8221;none&#8221; border_color=&#8221;&#8221; border_style=&#8221;solid&#8221; border_position=&#8221;all&#8221; border_radius=&#8221;&#8221; box_shadow=&#8221;no&#8221; dimension_box_shadow=&#8221;&#8221; box_shadow_blur=&#8221;0&#8243; box_shadow_spread=&#8221;0&#8243; box_shadow_color=&#8221;&#8221; box_shadow_style=&#8221;&#8221; padding_top=&#8221;&#8221; padding_right=&#8221;&#8221; padding_bottom=&#8221;&#8221; padding_left=&#8221;&#8221; margin_top=&#8221;&#8221; margin_bottom=&#8221;&#8221; animation_type=&#8221;&#8221; animation_direction=&#8221;left&#8221; animation_speed=&#8221;0.3&#8243; animation_offset=&#8221;&#8221; last=&#8221;false&#8221; border_sizes_top=&#8221;0&#8243; border_sizes_bottom=&#8221;0&#8243; border_sizes_left=&#8221;0&#8243; border_sizes_right=&#8221;0&#8243; first=&#8221;false&#8221; spacing_right=&#8221;&#8221;][fusion_text columns=&#8221;&#8221; column_min_width=&#8221;&#8221; column_spacing=&#8221;&#8221; rule_style=&#8221;&#8221; rule_size=&#8221;&#8221; rule_color=&#8221;&#8221; hue=&#8221;&#8221; saturation=&#8221;&#8221; lightness=&#8221;&#8221; alpha=&#8221;&#8221; content_alignment_medium=&#8221;&#8221; content_alignment_small=&#8221;&#8221; content_alignment=&#8221;&#8221; hide_on_mobile=&#8221;small-visibility,medium-visibility,large-visibility&#8221; sticky_display=&#8221;normal,sticky&#8221; class=&#8221;&#8221; id=&#8221;&#8221; margin_top=&#8221;&#8221; margin_right=&#8221;&#8221; margin_bottom=&#8221;&#8221; margin_left=&#8221;&#8221; fusion_font_family_text_font=&#8221;&#8221; fusion_font_variant_text_font=&#8221;&#8221; font_size=&#8221;&#8221; line_height=&#8221;&#8221; letter_spacing=&#8221;&#8221; text_transform=&#8221;&#8221; text_color=&#8221;&#8221; animation_type=&#8221;&#8221; animation_direction=&#8221;left&#8221; animation_speed=&#8221;0.3&#8243; animation_offset=&#8221;&#8221;]<\/p>\n<h3>Parenting plan:<\/h3>\n<h2>Future proof<\/h2>\n<p>If you already know what changes are coming, you can already anticipate them and make a future proof parenting plan.<\/p>\n<p>You can also anticipate changes and developments that might happen and you can anticipate the development of your child and the change in needs and wishes that will occur due to your child growing older. Whether or not you can involve your child in this process depends of course on the age of your child.<\/p>\n<p>During mediation, we can discuss:<\/p>\n<ul>\n<li>what will change as the children grow older and can you anticipate?<\/li>\n<li>how will you handle unanticipated changes?<\/li>\n<li>when and how should new partners be introduced to the children?<\/li>\n<li>how long in advance should you discuss a planned relocation?<\/li>\n<\/ul>\n<p>You can read about the development of children on the website of the <a href=\"https:\/\/www.cdc.gov\/ncbddd\/childdevelopment\/positiveparenting\/middle2.html\">U.S. Department of Health &amp; Human Services<\/a>.<\/p>\n<p>If you want to make a future proof parenting plan by anticipating a possible <a href=\"https:\/\/familylawyer-thehague.nl\/relocation\/\">relocation<\/a>, you can read more about this subject on our website.<\/p>\n<p>[\/fusion_text][fusion_global id=&#8221;2808&#8243;][fusion_imageframe image_id=&#8221;4803|full&#8221; aspect_ratio=&#8221;&#8221; custom_aspect_ratio=&#8221;100&#8243; aspect_ratio_position=&#8221;&#8221; skip_lazy_load=&#8221;&#8221; lightbox=&#8221;no&#8221; gallery_id=&#8221;&#8221; lightbox_image=&#8221;&#8221; lightbox_image_id=&#8221;&#8221; alt=&#8221;&#8221; link=&#8221;&#8221; linktarget=&#8221;_self&#8221; hide_on_mobile=&#8221;small-visibility,medium-visibility,large-visibility&#8221; sticky_display=&#8221;normal,sticky&#8221; class=&#8221;&#8221; id=&#8221;&#8221; max_width=&#8221;&#8221; sticky_max_width=&#8221;&#8221; align_medium=&#8221;none&#8221; align_small=&#8221;none&#8221; align=&#8221;center&#8221; mask=&#8221;&#8221; custom_mask=&#8221;&#8221; mask_size=&#8221;&#8221; mask_custom_size=&#8221;&#8221; mask_position=&#8221;&#8221; mask_custom_position=&#8221;&#8221; mask_repeat=&#8221;&#8221; style_type=&#8221;&#8221; blur=&#8221;&#8221; stylecolor=&#8221;&#8221; hue=&#8221;&#8221; saturation=&#8221;&#8221; lightness=&#8221;&#8221; alpha=&#8221;&#8221; hover_type=&#8221;none&#8221; margin_top_medium=&#8221;&#8221; margin_right_medium=&#8221;&#8221; margin_bottom_medium=&#8221;&#8221; margin_left_medium=&#8221;&#8221; margin_top_small=&#8221;&#8221; margin_right_small=&#8221;&#8221; margin_bottom_small=&#8221;&#8221; margin_left_small=&#8221;&#8221; margin_top=&#8221;&#8221; margin_right=&#8221;&#8221; margin_bottom=&#8221;&#8221; margin_left=&#8221;&#8221; bordersize=&#8221;&#8221; bordercolor=&#8221;&#8221; borderradius=&#8221;&#8221; z_index=&#8221;&#8221; caption_style=&#8221;off&#8221; caption_align_medium=&#8221;none&#8221; caption_align_small=&#8221;none&#8221; caption_align=&#8221;none&#8221; caption_title=&#8221;&#8221; caption_text=&#8221;&#8221; caption_title_tag=&#8221;2&#8243; fusion_font_family_caption_title_font=&#8221;&#8221; fusion_font_variant_caption_title_font=&#8221;&#8221; caption_title_size=&#8221;&#8221; caption_title_line_height=&#8221;&#8221; caption_title_letter_spacing=&#8221;&#8221; caption_title_transform=&#8221;&#8221; caption_title_color=&#8221;&#8221; caption_background_color=&#8221;&#8221; fusion_font_family_caption_text_font=&#8221;&#8221; fusion_font_variant_caption_text_font=&#8221;&#8221; caption_text_size=&#8221;&#8221; caption_text_line_height=&#8221;&#8221; caption_text_letter_spacing=&#8221;&#8221; caption_text_transform=&#8221;&#8221; caption_text_color=&#8221;&#8221; caption_border_color=&#8221;&#8221; caption_overlay_color=&#8221;&#8221; caption_margin_top=&#8221;&#8221; caption_margin_right=&#8221;&#8221; caption_margin_bottom=&#8221;&#8221; caption_margin_left=&#8221;&#8221; animation_type=&#8221;&#8221; animation_direction=&#8221;left&#8221; animation_speed=&#8221;0.3&#8243; animation_offset=&#8221;&#8221; filter_hue=&#8221;0&#8243; filter_saturation=&#8221;100&#8243; filter_brightness=&#8221;100&#8243; filter_contrast=&#8221;100&#8243; filter_invert=&#8221;0&#8243; filter_sepia=&#8221;0&#8243; filter_opacity=&#8221;100&#8243; filter_blur=&#8221;0&#8243; filter_hue_hover=&#8221;0&#8243; filter_saturation_hover=&#8221;100&#8243; filter_brightness_hover=&#8221;100&#8243; filter_contrast_hover=&#8221;100&#8243; filter_invert_hover=&#8221;0&#8243; filter_sepia_hover=&#8221;0&#8243; filter_opacity_hover=&#8221;100&#8243; filter_blur_hover=&#8221;0&#8243;]https:\/\/familylawyer-thehague.nl\/wp-content\/uploads\/Teenage-girls-FB.jpg[\/fusion_imageframe][fusion_global id=&#8221;2808&#8243;][\/fusion_builder_column][fusion_builder_column type=&#8221;1_5&#8243; layout=&#8221;1_5&#8243; spacing=&#8221;&#8221; center_content=&#8221;no&#8221; link=&#8221;&#8221; target=&#8221;_self&#8221; min_height=&#8221;&#8221; hide_on_mobile=&#8221;small-visibility,medium-visibility,large-visibility&#8221; class=&#8221;&#8221; id=&#8221;&#8221; background_color=&#8221;&#8221; background_image=&#8221;&#8221; background_image_id=&#8221;&#8221; background_position=&#8221;left top&#8221; background_repeat=&#8221;no-repeat&#8221; hover_type=&#8221;none&#8221; border_color=&#8221;&#8221; border_style=&#8221;solid&#8221; border_position=&#8221;all&#8221; border_radius=&#8221;&#8221; box_shadow=&#8221;no&#8221; dimension_box_shadow=&#8221;&#8221; box_shadow_blur=&#8221;0&#8243; box_shadow_spread=&#8221;0&#8243; box_shadow_color=&#8221;&#8221; box_shadow_style=&#8221;&#8221; padding_top=&#8221;&#8221; padding_right=&#8221;&#8221; padding_bottom=&#8221;&#8221; padding_left=&#8221;&#8221; margin_top=&#8221;&#8221; margin_bottom=&#8221;&#8221; animation_type=&#8221;&#8221; animation_direction=&#8221;left&#8221; animation_speed=&#8221;0.3&#8243; animation_offset=&#8221;&#8221; last=&#8221;true&#8221; border_sizes_top=&#8221;0&#8243; border_sizes_bottom=&#8221;0&#8243; border_sizes_left=&#8221;0&#8243; border_sizes_right=&#8221;0&#8243; first=&#8221;false&#8221;][\/fusion_builder_column][\/fusion_builder_row][\/fusion_builder_container]<\/p>\n","protected":false},"excerpt":{"rendered":"<p>[fusion_builder_container hundred_percent=&#8221;no&#8221; equal_height_columns=&#8221;no&#8221; hide_on_mobile=&#8221;small-visibility,medium-visibility,large-visibility&#8221; background_position=&#8221;center center&#8221; background_repeat=&#8221;no-repeat&#8221; fade=&#8221;no&#8221; background_parallax=&#8221;none&#8221; parallax_speed=&#8221;0.3&#8243; video_aspect_ratio=&#8221;16:9&#8243; video_loop=&#8221;yes&#8221; video_mute=&#8221;yes&#8221; border_style=&#8221;solid&#8221; type=&#8221;legacy&#8221;][fusion_builder_row][fusion_builder_column type=&#8221;1_5&#8243; layout=&#8221;1_5&#8243; spacing=&#8221;&#8221; center_content=&#8221;no&#8221; link=&#8221;&#8221; target=&#8221;_self&#8221; min_height=&#8221;&#8221; hide_on_mobile=&#8221;small-visibility,medium-visibility,large-visibility&#8221; class=&#8221;&#8221; id=&#8221;&#8221; background_color=&#8221;&#8221; background_image=&#8221;&#8221; background_image_id=&#8221;&#8221; background_position=&#8221;left top&#8221; background_repeat=&#8221;no-repeat&#8221; hover_type=&#8221;none&#8221; border_color=&#8221;&#8221; border_style=&#8221;solid&#8221; border_position=&#8221;all&#8221; border_radius=&#8221;&#8221; box_shadow=&#8221;no&#8221; dimension_box_shadow=&#8221;&#8221; box_shadow_blur=&#8221;0&#8243; box_shadow_spread=&#8221;0&#8243; box_shadow_color=&#8221;&#8221; box_shadow_style=&#8221;&#8221; padding_top=&#8221;&#8221; padding_right=&#8221;&#8221; padding_bottom=&#8221;&#8221; padding_left=&#8221;&#8221; margin_top=&#8221;&#8221; margin_bottom=&#8221;&#8221; animation_type=&#8221;&#8221; animation_direction=&#8221;left&#8221; animation_speed=&#8221;0.3&#8243; animation_offset=&#8221;&#8221; last=&#8221;false&#8221; border_sizes_top=&#8221;0&#8243; border_sizes_bottom=&#8221;0&#8243; [&hellip;]<\/p>\n","protected":false},"author":3,"featured_media":4940,"parent":0,"menu_order":0,"comment_status":"closed","ping_status":"closed","template":"","meta":{"_et_pb_use_builder":"","_et_pb_old_content":"","_et_gb_content_width":"","om_disable_all_campaigns":false,"_monsterinsights_skip_tracking":false,"_monsterinsights_sitenote_active":false,"_monsterinsights_sitenote_note":"","_monsterinsights_sitenote_category":0,"footnotes":""},"class_list":["post-4618","page","type-page","status-publish","has-post-thumbnail","hentry"],"yoast_head":"<!-- This site is optimized with the Yoast SEO plugin v27.4 - https:\/\/yoast.com\/product\/yoast-seo-wordpress\/ -->\n<title>Future proof parenting plan - Family Lawyer The Hague<\/title>\n<meta name=\"description\" content=\"It&#039;s best to make a future proof parenting plan by anticipating on upcoming events and developents and the aging of the child.\" \/>\n<meta name=\"robots\" content=\"index, follow, max-snippet:-1, max-image-preview:large, max-video-preview:-1\" \/>\n<link rel=\"canonical\" href=\"https:\/\/familylawyer-thehague.nl\/fr\/future-proof-parenting-plan\/\" \/>\n<meta property=\"og:locale\" content=\"fr_FR\" \/>\n<meta property=\"og:type\" content=\"article\" \/>\n<meta property=\"og:title\" content=\"Future proof parenting plan - Family Lawyer The Hague\" \/>\n<meta property=\"og:description\" content=\"It&#039;s best to make a future proof parenting plan by anticipating on upcoming events and developents and the aging of the child.\" \/>\n<meta property=\"og:url\" content=\"https:\/\/familylawyer-thehague.nl\/fr\/future-proof-parenting-plan\/\" \/>\n<meta property=\"og:site_name\" content=\"Family Lawyer The Hague\" \/>\n<meta property=\"article:modified_time\" content=\"2023-01-06T19:12:08+00:00\" \/>\n<meta property=\"og:image\" content=\"https:\/\/familylawyer-thehague.nl\/wp-content\/uploads\/graduation-scaled-e1673031142118.jpg\" \/>\n\t<meta property=\"og:image:width\" content=\"1200\" \/>\n\t<meta property=\"og:image:height\" content=\"800\" \/>\n\t<meta property=\"og:image:type\" content=\"image\/jpeg\" \/>\n<meta name=\"twitter:card\" content=\"summary_large_image\" \/>\n<meta name=\"twitter:label1\" content=\"Dur\u00e9e de lecture estim\u00e9e\" \/>\n\t<meta name=\"twitter:data1\" content=\"3 minutes\" \/>\n<script type=\"application\/ld+json\" class=\"yoast-schema-graph\">{\"@context\":\"https:\\\/\\\/schema.org\",\"@graph\":[{\"@type\":\"WebPage\",\"@id\":\"https:\\\/\\\/familylawyer-thehague.nl\\\/future-proof-parenting-plan\\\/\",\"url\":\"https:\\\/\\\/familylawyer-thehague.nl\\\/future-proof-parenting-plan\\\/\",\"name\":\"Future proof parenting plan - Family Lawyer The Hague\",\"isPartOf\":{\"@id\":\"https:\\\/\\\/familylawyer-thehague.nl\\\/nl\\\/#website\"},\"primaryImageOfPage\":{\"@id\":\"https:\\\/\\\/familylawyer-thehague.nl\\\/future-proof-parenting-plan\\\/#primaryimage\"},\"image\":{\"@id\":\"https:\\\/\\\/familylawyer-thehague.nl\\\/future-proof-parenting-plan\\\/#primaryimage\"},\"thumbnailUrl\":\"https:\\\/\\\/familylawyer-thehague.nl\\\/wp-content\\\/uploads\\\/graduation-scaled-e1673031142118.jpg\",\"datePublished\":\"2022-11-23T13:06:56+00:00\",\"dateModified\":\"2023-01-06T19:12:08+00:00\",\"description\":\"It's best to make a future proof parenting plan by anticipating on upcoming events and developents and the aging of the child.\",\"breadcrumb\":{\"@id\":\"https:\\\/\\\/familylawyer-thehague.nl\\\/future-proof-parenting-plan\\\/#breadcrumb\"},\"inLanguage\":\"fr-FR\",\"potentialAction\":[{\"@type\":\"ReadAction\",\"target\":[\"https:\\\/\\\/familylawyer-thehague.nl\\\/future-proof-parenting-plan\\\/\"]}]},{\"@type\":\"ImageObject\",\"inLanguage\":\"fr-FR\",\"@id\":\"https:\\\/\\\/familylawyer-thehague.nl\\\/future-proof-parenting-plan\\\/#primaryimage\",\"url\":\"https:\\\/\\\/familylawyer-thehague.nl\\\/wp-content\\\/uploads\\\/graduation-scaled-e1673031142118.jpg\",\"contentUrl\":\"https:\\\/\\\/familylawyer-thehague.nl\\\/wp-content\\\/uploads\\\/graduation-scaled-e1673031142118.jpg\",\"width\":1200,\"height\":800,\"caption\":\"education\"},{\"@type\":\"BreadcrumbList\",\"@id\":\"https:\\\/\\\/familylawyer-thehague.nl\\\/future-proof-parenting-plan\\\/#breadcrumb\",\"itemListElement\":[{\"@type\":\"ListItem\",\"position\":1,\"name\":\"Home\",\"item\":\"https:\\\/\\\/familylawyer-thehague.nl\\\/\"},{\"@type\":\"ListItem\",\"position\":2,\"name\":\"Future proof parenting plan\"}]},{\"@type\":\"WebSite\",\"@id\":\"https:\\\/\\\/familylawyer-thehague.nl\\\/nl\\\/#website\",\"url\":\"https:\\\/\\\/familylawyer-thehague.nl\\\/nl\\\/\",\"name\":\"Family Lawyer The Hague\",\"description\":\"\",\"publisher\":{\"@id\":\"https:\\\/\\\/familylawyer-thehague.nl\\\/nl\\\/#organization\"},\"potentialAction\":[{\"@type\":\"SearchAction\",\"target\":{\"@type\":\"EntryPoint\",\"urlTemplate\":\"https:\\\/\\\/familylawyer-thehague.nl\\\/nl\\\/?s={search_term_string}\"},\"query-input\":{\"@type\":\"PropertyValueSpecification\",\"valueRequired\":true,\"valueName\":\"search_term_string\"}}],\"inLanguage\":\"fr-FR\"},{\"@type\":[\"Organization\",\"Place\",\"LegalService\"],\"@id\":\"https:\\\/\\\/familylawyer-thehague.nl\\\/nl\\\/#organization\",\"name\":\"Family Lawyer The Hague\",\"url\":\"https:\\\/\\\/familylawyer-thehague.nl\\\/nl\\\/\",\"logo\":{\"@id\":\"https:\\\/\\\/familylawyer-thehague.nl\\\/future-proof-parenting-plan\\\/#local-main-organization-logo\"},\"image\":{\"@id\":\"https:\\\/\\\/familylawyer-thehague.nl\\\/future-proof-parenting-plan\\\/#local-main-organization-logo\"},\"address\":{\"@id\":\"https:\\\/\\\/familylawyer-thehague.nl\\\/future-proof-parenting-plan\\\/#local-main-place-address\"},\"geo\":{\"@type\":\"GeoCoordinates\",\"latitude\":\"52.075247866705915\",\"longitude\":\"4.356969716619772\"},\"telephone\":[\"+31 62 41 37 819\"],\"openingHoursSpecification\":[{\"@type\":\"OpeningHoursSpecification\",\"dayOfWeek\":[\"Monday\",\"Tuesday\",\"Wednesday\",\"Thursday\",\"Friday\"],\"opens\":\"09:00\",\"closes\":\"17:00\"},{\"@type\":\"OpeningHoursSpecification\",\"dayOfWeek\":[\"Saturday\",\"Sunday\"],\"opens\":\"00:00\",\"closes\":\"00:00\"}],\"email\":\"info@familylawyer-thehague.nl\"},{\"@type\":\"PostalAddress\",\"@id\":\"https:\\\/\\\/familylawyer-thehague.nl\\\/future-proof-parenting-plan\\\/#local-main-place-address\",\"streetAddress\":\"Jacob van den Eyndestraat 73\",\"addressLocality\":\"Voorburg\",\"postalCode\":\"2274 XA\",\"addressCountry\":\"NL\"},{\"@type\":\"ImageObject\",\"inLanguage\":\"fr-FR\",\"@id\":\"https:\\\/\\\/familylawyer-thehague.nl\\\/future-proof-parenting-plan\\\/#local-main-organization-logo\",\"url\":\"https:\\\/\\\/familylawyer-thehague.nl\\\/wp-content\\\/uploads\\\/logo-family-lawyer.svg\",\"contentUrl\":\"https:\\\/\\\/familylawyer-thehague.nl\\\/wp-content\\\/uploads\\\/logo-family-lawyer.svg\",\"width\":356,\"height\":72,\"caption\":\"Family Lawyer The Hague\"}]}<\/script>\n<meta name=\"geo.placename\" content=\"Voorburg\" \/>\n<meta name=\"geo.position\" content=\"52.075247866705915;4.356969716619772\" \/>\n<meta name=\"geo.region\" content=\"Pays-Bas\" \/>\n<!-- \/ Yoast SEO plugin. -->","yoast_head_json":{"title":"Un plan parental \u00e0 l'\u00e9preuve du temps - Avocat en droit de la famille \u00e0 La Haye","description":"Il est pr\u00e9f\u00e9rable d'\u00e9tablir un plan parental \u00e0 l'\u00e9preuve du futur en anticipant sur les \u00e9v\u00e9nements et d\u00e9veloppements \u00e0 venir et le vieillissement de l'enfant.","robots":{"index":"index","follow":"follow","max-snippet":"max-snippet:-1","max-image-preview":"max-image-preview:large","max-video-preview":"max-video-preview:-1"},"canonical":"https:\/\/familylawyer-thehague.nl\/fr\/future-proof-parenting-plan\/","og_locale":"fr_FR","og_type":"article","og_title":"Future proof parenting plan - Family Lawyer The Hague","og_description":"It's best to make a future proof parenting plan by anticipating on upcoming events and developents and the aging of the child.","og_url":"https:\/\/familylawyer-thehague.nl\/fr\/future-proof-parenting-plan\/","og_site_name":"Family Lawyer The Hague","article_modified_time":"2023-01-06T19:12:08+00:00","og_image":[{"width":1200,"height":800,"url":"https:\/\/familylawyer-thehague.nl\/wp-content\/uploads\/graduation-scaled-e1673031142118.jpg","type":"image\/jpeg"}],"twitter_card":"summary_large_image","twitter_misc":{"Dur\u00e9e de lecture estim\u00e9e":"3 minutes"},"schema":{"@context":"https:\/\/schema.org","@graph":[{"@type":"WebPage","@id":"https:\/\/familylawyer-thehague.nl\/future-proof-parenting-plan\/","url":"https:\/\/familylawyer-thehague.nl\/future-proof-parenting-plan\/","name":"Un plan parental \u00e0 l'\u00e9preuve du temps - Avocat en droit de la famille \u00e0 La Haye","isPartOf":{"@id":"https:\/\/familylawyer-thehague.nl\/nl\/#website"},"primaryImageOfPage":{"@id":"https:\/\/familylawyer-thehague.nl\/future-proof-parenting-plan\/#primaryimage"},"image":{"@id":"https:\/\/familylawyer-thehague.nl\/future-proof-parenting-plan\/#primaryimage"},"thumbnailUrl":"https:\/\/familylawyer-thehague.nl\/wp-content\/uploads\/graduation-scaled-e1673031142118.jpg","datePublished":"2022-11-23T13:06:56+00:00","dateModified":"2023-01-06T19:12:08+00:00","description":"Il est pr\u00e9f\u00e9rable d'\u00e9tablir un plan parental \u00e0 l'\u00e9preuve du futur en anticipant sur les \u00e9v\u00e9nements et d\u00e9veloppements \u00e0 venir et le vieillissement de l'enfant.","breadcrumb":{"@id":"https:\/\/familylawyer-thehague.nl\/future-proof-parenting-plan\/#breadcrumb"},"inLanguage":"fr-FR","potentialAction":[{"@type":"ReadAction","target":["https:\/\/familylawyer-thehague.nl\/future-proof-parenting-plan\/"]}]},{"@type":"ImageObject","inLanguage":"fr-FR","@id":"https:\/\/familylawyer-thehague.nl\/future-proof-parenting-plan\/#primaryimage","url":"https:\/\/familylawyer-thehague.nl\/wp-content\/uploads\/graduation-scaled-e1673031142118.jpg","contentUrl":"https:\/\/familylawyer-thehague.nl\/wp-content\/uploads\/graduation-scaled-e1673031142118.jpg","width":1200,"height":800,"caption":"education"},{"@type":"BreadcrumbList","@id":"https:\/\/familylawyer-thehague.nl\/future-proof-parenting-plan\/#breadcrumb","itemListElement":[{"@type":"ListItem","position":1,"name":"Home","item":"https:\/\/familylawyer-thehague.nl\/"},{"@type":"ListItem","position":2,"name":"Future proof parenting plan"}]},{"@type":"WebSite","@id":"https:\/\/familylawyer-thehague.nl\/nl\/#website","url":"https:\/\/familylawyer-thehague.nl\/nl\/","name":"Avocat de la famille La Haye","description":"","publisher":{"@id":"https:\/\/familylawyer-thehague.nl\/nl\/#organization"},"potentialAction":[{"@type":"SearchAction","target":{"@type":"EntryPoint","urlTemplate":"https:\/\/familylawyer-thehague.nl\/nl\/?s={search_term_string}"},"query-input":{"@type":"PropertyValueSpecification","valueRequired":true,"valueName":"search_term_string"}}],"inLanguage":"fr-FR"},{"@type":["Organization","Place","LegalService"],"@id":"https:\/\/familylawyer-thehague.nl\/nl\/#organization","name":"Avocat de la famille La Haye","url":"https:\/\/familylawyer-thehague.nl\/nl\/","logo":{"@id":"https:\/\/familylawyer-thehague.nl\/future-proof-parenting-plan\/#local-main-organization-logo"},"image":{"@id":"https:\/\/familylawyer-thehague.nl\/future-proof-parenting-plan\/#local-main-organization-logo"},"address":{"@id":"https:\/\/familylawyer-thehague.nl\/future-proof-parenting-plan\/#local-main-place-address"},"geo":{"@type":"GeoCoordinates","latitude":"52.075247866705915","longitude":"4.356969716619772"},"telephone":["+31 62 41 37 819"],"openingHoursSpecification":[{"@type":"OpeningHoursSpecification","dayOfWeek":["Monday","Tuesday","Wednesday","Thursday","Friday"],"opens":"09:00","closes":"17:00"},{"@type":"OpeningHoursSpecification","dayOfWeek":["Saturday","Sunday"],"opens":"00:00","closes":"00:00"}],"email":"info@familylawyer-thehague.nl"},{"@type":"PostalAddress","@id":"https:\/\/familylawyer-thehague.nl\/future-proof-parenting-plan\/#local-main-place-address","streetAddress":"Jacob van den Eyndestraat 73","addressLocality":"Voorburg","postalCode":"2274 XA","addressCountry":"NL"},{"@type":"ImageObject","inLanguage":"fr-FR","@id":"https:\/\/familylawyer-thehague.nl\/future-proof-parenting-plan\/#local-main-organization-logo","url":"https:\/\/familylawyer-thehague.nl\/wp-content\/uploads\/logo-family-lawyer.svg","contentUrl":"https:\/\/familylawyer-thehague.nl\/wp-content\/uploads\/logo-family-lawyer.svg","width":356,"height":72,"caption":"Family Lawyer The Hague"}]},"geo.placename":"Voorburg","geo.position":{"lat":"52.075247866705915","long":"4.356969716619772"},"geo.region":"Pays-Bas"},"_links":{"self":[{"href":"https:\/\/familylawyer-thehague.nl\/fr\/wp-json\/wp\/v2\/pages\/4618","targetHints":{"allow":["GET"]}}],"collection":[{"href":"https:\/\/familylawyer-thehague.nl\/fr\/wp-json\/wp\/v2\/pages"}],"about":[{"href":"https:\/\/familylawyer-thehague.nl\/fr\/wp-json\/wp\/v2\/types\/page"}],"author":[{"embeddable":true,"href":"https:\/\/familylawyer-thehague.nl\/fr\/wp-json\/wp\/v2\/users\/3"}],"replies":[{"embeddable":true,"href":"https:\/\/familylawyer-thehague.nl\/fr\/wp-json\/wp\/v2\/comments?post=4618"}],"version-history":[{"count":0,"href":"https:\/\/familylawyer-thehague.nl\/fr\/wp-json\/wp\/v2\/pages\/4618\/revisions"}],"wp:featuredmedia":[{"embeddable":true,"href":"https:\/\/familylawyer-thehague.nl\/fr\/wp-json\/wp\/v2\/media\/4940"}],"wp:attachment":[{"href":"https:\/\/familylawyer-thehague.nl\/fr\/wp-json\/wp\/v2\/media?parent=4618"}],"curies":[{"name":"wp","href":"https:\/\/api.w.org\/{rel}","templated":true}]}}