{"id":1616,"date":"2018-12-10T10:55:22","date_gmt":"2018-12-10T10:55:22","guid":{"rendered":"https:\/\/familylawyer-thehague.nl\/?page_id=1616"},"modified":"2026-02-17T12:57:23","modified_gmt":"2026-02-17T11:57:23","slug":"general-terms-and-conditions","status":"publish","type":"page","link":"https:\/\/familylawyer-thehague.nl\/nl\/general-terms-and-conditions\/","title":{"rendered":"\u00a0Algemene Voorwaarden"},"content":{"rendered":"<h1>Algemene Voorwaarden<\/h1>\n<p><b>Toepasselijkheid en toepasselijk recht<\/b><\/p>\n<p>1. Deze algemene voorwaarden zijn van toepassing op alle door Family Lawyer The Hague uitgevoerde opdrachten. Family Lawyer The Hague is een eenmanszaak naar Nederlands recht. De eenmanszaak en de daaraan verbonden advocaat, mr. M.T. Wernsen, voldoen aan de door de Nederlandse Orde van Advocaten gestelde eisen. Het kantoor is ingeschreven in het register van de Kamer van Koophandel onder nummer 86274848.<\/p>\n<p>2. Op de overeenkomst tussen de cli\u00ebnt en Family Lawyer The Hague is Nederlands recht van toepassing.<span class=\"Apple-converted-space\">\u00a0<\/span><\/p>\n<p><b>Opdrachten<span class=\"Apple-converted-space\">\u00a0<\/span><\/b><\/p>\n<p>3. Als opdrachtnemer geldt uitsluitend Family Lawyer The Hague. De artikelen 7:404 en 7:407 lid 2 BW zijn niet van toepassing.<span class=\"Apple-converted-space\">\u00a0<\/span><\/p>\n<p>4. 4. De uitvoering van een opdracht geschiedt uitsluitend ten behoeve en in het belang van de opdrachtgever.<span class=\"Apple-converted-space\">\u00a0<\/span><\/p>\n<p>5. Derden kunnen aan de inhoud van de verrichte werkzaamheden geen rechten ontlenen. De opdrachtgever vrijwaart Family Lawyer The Hague tegen aanspraken van derden die stellen schade te hebben geleden door of in verband met door Family Lawyer The Hague voor de opdrachtgever verrichte werkzaamheden.<span class=\"Apple-converted-space\">\u00a0<\/span><\/p>\n<p>6. Family Lawyer The Hague zal zich inspannen om het door de cli\u00ebnt gewenste resultaat te bereiken, maar garandeert niet dat dit resultaat zal worden bereikt.<span class=\"Apple-converted-space\">\u00a0<\/span><\/p>\n<p>7. De advocaat schakelt slechts na overleg met de cli\u00ebnt derden in, zoals een deurwaarder of een deskundige. De advocaat zal bij het inschakelen van derden de nodige zorgvuldigheid in acht nemen, maar kan niet aansprakelijk worden gesteld voor schade als gevolg van het handelen van voornoemde derde(n).<span class=\"Apple-converted-space\"> When the lawyer is unable to perform herself, she will arrange a substitute in consultation with the client. If the lawyer cannot perform herself due to holiday or long term absence, lawyer mrs. S.I. Kouwenhoven will temporarily replace the lawyer, as agreed on in the agreement between mrs. S.I. Kouwenhoven and the lawyer.<\/span><\/p>\n<p>8. 8. De cli\u00ebnt gaat ermee akkoord dat de advocaat (bepaalde onderdelen van) de opdracht door een of meer aan het kantoor verbonden advocaten en\/of juridische assistenten onder zijn verantwoordelijkheid laat uitvoeren.<span class=\"Apple-converted-space\">\u00a0<\/span><\/p>\n<p><b>Vergoedingen en kosten<span class=\"Apple-converted-space\">\u00a0<\/span><\/b><\/p>\n<p>9. Family Lawyer The Hague does not provide subsidized legal aid.<\/p>\n<p>10. The hourly rate as agreed, is exclusive of 21% VAT. The hourly rate may, after consultation with the client, differ depending on the work that Family Lawyer The Hague must perform in order to carry out the assignment.<span class=\"Apple-converted-space\"> The hourly fee is adjusted, every 1st of January for both new and ongoing cases.\u00a0<\/span><\/p>\n<p>11. Family Lawyer The Hague will invoice on the basis of advance invoices, unless agreed otherwise in writing. This means that the client must always pay an advance invoice, retainer, before work is carried out\/continued. Family Lawyer The Hague reserves the right to cease its activities if payment is not made.<span class=\"Apple-converted-space\"> The retainer will be paid back at the end of the procedure or legal assistance. Any outstanding invoices will be deducted from the retainer.<\/span><\/p>\n<p>12. Financi\u00eble afspraken tussen Family Lawyer The Hague en de opdrachtgever worden door Family Lawyer The Hague steeds schriftelijk bevestigd.<span class=\"Apple-converted-space\">\u00a0<\/span><\/p>\n<p>13. Family Lawyer The Hague brengt naast het uurtarief geen aparte kantoorkosten in rekening.<span class=\"Apple-converted-space\">\u00a0<\/span><\/p>\n<p>14.  Eventuele verschotten zijn voor rekening van de opdrachtgever. Dit omvat onder meer: griffierechten, deurwaarderskosten en kosten voor het aanvragen van uittreksels.<span class=\"Apple-converted-space\">\u00a0<\/span><\/p>\n<p>15. In geval van annulering van een opdracht is de opdrachtgever in ieder geval gehouden tot vergoeding van alle reeds door Family Lawyer The Hague bij de uitvoering van de opdracht gemaakte kosten.<span class=\"Apple-converted-space\">\u00a0<\/span><\/p>\n<p>16. Family Lawyer The Hague uses a minimum of 2 hours for all the assignments. This means 2 hours will be charged, even if the time spend on the case in total was less then 2 hours.<\/p>\n<p>17. If travel costs have to be incurred by Family Lawyer The Hague for the purpose of the assignment, the client will be charged \u20ac 0.32 per kilometer.<span class=\"Apple-converted-space\">\u00a0<\/span><\/p>\n<p><b>Betaling<span class=\"Apple-converted-space\">\u00a0<\/span><\/b><\/p>\n<p>18. 18. Betaling van de factuur dient, zonder aftrek, korting of verrekening, te geschieden binnen 14 dagen na factuurdatum.<span class=\"Apple-converted-space\"> If the client chooses to pay with credit card or paypall any costs or other deductions charged by the bank\/ institution will be paid by the client to Family Lawyer The Hague.\u00a0<\/span><\/p>\n<p>19. 19. Bij overschrijding van bovengenoemde termijn is de opdrachtgever de wettelijke rente verschuldigd.<span class=\"Apple-converted-space\">\u00a0<\/span><\/p>\n<p>20. 20. Indien na verzending van de factuur en twee aanmaningen geen betaling plaatsvindt en er geen overeenstemming is bereikt over een betalingsregeling, wordt de factuur overhandigd aan een incassobureau. De persoonsgegevens van de opdrachtgever en de relevante documenten uit het dossier worden overgedragen aan een incassobureau met als doel de opdrachtgever schriftelijk te benaderen en een gerechtelijke procedure tegen de opdrachtgever te starten.<span class=\"Apple-converted-space\">\u00a0<\/span><\/p>\n<p><b>Reiskosten\/reistijd<span class=\"Apple-converted-space\">\u00a0<\/span><\/b><\/p>\n<p>21. 21. Eventuele reiskosten die de advocaat bij de uitvoering van de opdracht heeft gemaakt, dienen door de cli\u00ebnt te worden vergoed, tenzij schriftelijk anders is overeengekomen.<span class=\"Apple-converted-space\">\u00a0<\/span><\/p>\n<p>22. Reisuren zijn factureerbare uren.<span class=\"Apple-converted-space\">\u00a0<\/span><\/p>\n<p><b>Derdengelden<span class=\"Apple-converted-space\">\u00a0<\/span><\/b><\/p>\n<p>23. Family Lawyer The Hague kan geen betalingen ten behoeve van de cli\u00ebnt voorbehouden, aangezien er geen derdenrekening ten behoeve van cli\u00ebnten beschikbaar is.<span class=\"Apple-converted-space\">\u00a0<\/span><\/p>\n<p><strong>Bewaartermijn dossiers<span class=\"Apple-converted-space\">\u00a0<\/span><\/strong><\/p>\n<p>26. Na afloop van de zaak wordt het dossier vernietigd. Correspondentie tussen Family Lawyer The Hague en de cli\u00ebnt, financi\u00eble stukken en andere door Family Lawyer The Hague relevant geachte stukken worden door Family Lawyer The Hague gearchiveerd en gedurende 5 jaar bewaard. Na de bewaartermijn van 5 jaar kan Family Lawyer The Hague besluiten het (resterende) deel van het dossier te vernietigen.<span class=\"Apple-converted-space\">\u00a0<\/span><\/p>\n<p><b>Aansprakelijkheid<span class=\"Apple-converted-space\">\u00a0<\/span><\/b><\/p>\n<p>25. De aansprakelijkheid van Family Lawyer The Hague en haar medewerkers is steeds beperkt tot het bedrag of de bedragen waarop de door Family Lawyer The Hague afgesloten beroepsaansprakelijkheidsverzekering aanspraak geeft, vermeerderd met het eigen risico.<span class=\"Apple-converted-space\">\u00a0<\/span><\/p>\n<p>26. Indien om welke reden dan ook geen uitkering op grond van voornoemde verzekering plaatsvindt, is iedere aansprakelijkheid beperkt tot het door Family Lawyer The Hague in de desbetreffende zaak in het desbetreffende jaar in rekening gebrachte honorarium, exclusief overige kosten.<\/p>\n<p>&nbsp;<\/p>\n<h1>Klachtenprocedure Family Lawyer The Hague<\/h1>\n<p>Artikel 1 Definities<br \/>\nIn deze kantoorklachtenprocedure gelden de volgende definities:<br \/>\n- klacht: iedere schriftelijke uiting van ongenoegen door of namens de cli\u00ebnt jegens de advocaat of de onder zijn verantwoordelijkheid werkzame personen over de totstandkoming en uitvoering van een overeenkomst van opdracht, de kwaliteit van de dienstverlening of de hoogte van het honorarium, niet zijnde een klacht als bedoeld in lid 4 van de Advocatenwet<br \/>\n- klager: de cli\u00ebnt of diens vertegenwoordiger die een klacht kenbaar maakt;<br \/>\n- klachtenfunctionaris: de advocaat die belast is met de behandeling van de klacht;<\/p>\n<p>Artikel 2 toepassingsgebied<br \/>\n1. Deze kantoorklachtenregeling is van toepassing op iedere overeenkomst van opdracht tussen Family Lawyer The Hague en de cli\u00ebnt.<br \/>\n2. Mr. M.T. Wernsen zal ervoor zorgen dat klachten door een onafhankelijke advocaat worden behandeld overeenkomstig de klachtenregeling van het kantoor.<\/p>\n<p>Artikel 3 doelstellingen<br \/>\nHet doel van deze kantoorklachtenregeling is:<br \/>\na. een procedure vast te stellen om klachten van cli\u00ebnten binnen een redelijke termijn constructief te behandelen;<br \/>\nb. een procedure vast te stellen om de oorzaken van klachten van cli\u00ebnten vast te stellen;<br \/>\nc. het onderhouden en verbeteren van bestaande relaties door een correcte afhandeling van klachten;<br \/>\nd. het personeel opleiden in klantgericht reageren op klachten;<br \/>\ne. de kwaliteit van de dienstverlening verbeteren door middel van klachtenbehandeling en klachtenanalyse.<\/p>\n<p>Artikel 4 informatie bij aanvang van de dienstverrichting<br \/>\n1. Deze kantoorklachtenregeling is openbaar gemaakt. V\u00f3\u00f3r het aangaan van de overeenkomst van opdracht deelt de advocaat de cli\u00ebnt mee dat het kantoor een kantoorklachtenregeling heeft en dat deze van toepassing is op de dienstverlening.<br \/>\n2.Family Lawyer The Hague heeft in de overeenkomst van opdracht opgenomen bij welke onafhankelijke partij of instantie een klacht die na behandeling niet is opgelost kan worden voorgelegd voor een bindende uitspraak en heeft dit kenbaar gemaakt in de opdrachtbevestiging.<br \/>\n3. Klachten als bedoeld in artikel 1 van deze kantoorklachtenregeling die na behandeling niet worden opgelost, kunnen aan de rechter worden voorgelegd.<\/p>\n<p>Artikel 5 Interne klachtenprocedure<br \/>\n1. Indien een cli\u00ebnt het kantoor benadert met een klacht, wordt de klacht doorgestuurd naar de door de heer M.T. Wernsen aan te wijzen klachtenfunctionaris.<br \/>\n2. De klachtenfunctionaris stelt degene over wie is geklaagd in kennis van het indienen van de klacht en stelt de klager en degene over wie is geklaagd in de gelegenheid de klacht toe te lichten.<br \/>\n3. Degene over wie wordt geklaagd probeert samen met de cli\u00ebnt tot een oplossing te komen, al dan niet met tussenkomst van de klachtenfunctionaris.<br \/>\n4. De klachtenfunctionaris handelt de klacht binnen vier weken na ontvangst af, of stelt de klager gemotiveerd in kennis van een afwijking van deze termijn en van de termijn waarbinnen over de klacht zal worden beslist.<br \/>\n5. De klachtenfunctionaris brengt het oordeel over de gegrondheid van de klacht, al dan niet vergezeld van aanbevelingen, schriftelijk ter kennis van de klager en degene tegen wie de klacht is gericht.<br \/>\n6. Indien de klacht naar tevredenheid is afgehandeld, ondertekenen de klager, de klachtenfunctionaris en degene over wie is geklaagd het oordeel over de gegrondheid van de klacht.<\/p>\n<p>Artikel 6 Vertrouwelijkheid en kosteloze behandeling van klachten<br \/>\n1. De klachtenfunctionaris en degene over wie een klacht is ingediend nemen bij de behandeling van de klacht geheimhouding in acht.<br \/>\n2. De kosten van de behandeling van de klacht worden de klager niet in rekening gebracht.<\/p>\n<p>Artikel 7 verantwoordelijkheden<br \/>\n1. De klachtenfunctionaris is verantwoordelijk voor de tijdige afhandeling van de klacht.<br \/>\n2. De persoon over wie is geklaagd houdt de klachtenfunctionaris op de hoogte van het contact en de eventuele oplossing.<br \/>\n3. De klachtenfunctionaris houdt de klager op de hoogte van de afhandeling van de klacht.<br \/>\n4. De klachtenfunctionaris houdt het klachtendossier bij.<\/p>\n<p>Artikel 8 klachtenregistratie<br \/>\n1. De klachtenfunctionaris registreert de klacht, inclusief het onderwerp van de klacht.<br \/>\n2. Een klacht kan in verschillende onderwerpen worden onderverdeeld.<br \/>\n3. De klachtenfunctionaris brengt periodiek verslag uit over de behandeling van eventuele klachten en doet aanbevelingen ter voorkoming van nieuwe klachten en ter verbetering van de procedures.<br \/>\n4. Ten minste eenmaal per jaar worden de verslagen en aanbevelingen op het bureau besproken en ter besluitvorming voorgelegd.<\/p>\n<p>&nbsp;<\/p>","protected":false},"excerpt":{"rendered":"<p>General Terms and Conditions Applicability and applicable law 1. These general terms and conditions shall apply to all assignments carried out by Family Lawyer The Hague. Family Lawyer The Hague is a sole proprietorship under Dutch law. The sole proprietorship and its affiliated lawyer, Mr M.T. Wernsen, meet the requirements set by the Dutch Bar [&hellip;]<\/p>\n","protected":false},"author":4,"featured_media":0,"parent":0,"menu_order":0,"comment_status":"closed","ping_status":"closed","template":"","meta":{"_et_pb_use_builder":"","_et_pb_old_content":"","_et_gb_content_width":"","om_disable_all_campaigns":false,"_monsterinsights_skip_tracking":false,"_monsterinsights_sitenote_active":false,"_monsterinsights_sitenote_note":"","_monsterinsights_sitenote_category":0,"footnotes":""},"class_list":["post-1616","page","type-page","status-publish","hentry"],"yoast_head":"<!-- This site is optimized with the Yoast SEO plugin v27.5 - https:\/\/yoast.com\/product\/yoast-seo-wordpress\/ -->\n<title>\u00a0General Terms and Conditions - Family Lawyer The Hague<\/title>\n<meta name=\"description\" content=\"Our genaral terms and conditions prevent misunderstandings. Your can read them on our website. Call us if you have any questions.\" \/>\n<meta name=\"robots\" content=\"index, follow, max-snippet:-1, max-image-preview:large, max-video-preview:-1\" \/>\n<link rel=\"canonical\" href=\"https:\/\/familylawyer-thehague.nl\/nl\/general-terms-and-conditions\/\" \/>\n<meta property=\"og:locale\" content=\"nl_NL\" \/>\n<meta property=\"og:type\" content=\"article\" \/>\n<meta property=\"og:title\" content=\"\u00a0General Terms and Conditions - Family Lawyer The Hague\" \/>\n<meta property=\"og:description\" content=\"Our genaral terms and conditions prevent misunderstandings. Your can read them on our website. Call us if you have any questions.\" \/>\n<meta property=\"og:url\" content=\"https:\/\/familylawyer-thehague.nl\/nl\/general-terms-and-conditions\/\" \/>\n<meta property=\"og:site_name\" content=\"Family Lawyer The Hague\" \/>\n<meta property=\"article:modified_time\" content=\"2026-02-17T11:57:23+00:00\" \/>\n<meta name=\"twitter:card\" content=\"summary_large_image\" \/>\n<meta name=\"twitter:label1\" content=\"Verwachte leestijd\" \/>\n\t<meta name=\"twitter:data1\" content=\"8 minuten\" \/>\n<script type=\"application\/ld+json\" class=\"yoast-schema-graph\">{\"@context\":\"https:\\\/\\\/schema.org\",\"@graph\":[{\"@type\":\"WebPage\",\"@id\":\"https:\\\/\\\/familylawyer-thehague.nl\\\/general-terms-and-conditions\\\/\",\"url\":\"https:\\\/\\\/familylawyer-thehague.nl\\\/general-terms-and-conditions\\\/\",\"name\":\"\u00a0General Terms and Conditions - Family Lawyer The Hague\",\"isPartOf\":{\"@id\":\"https:\\\/\\\/familylawyer-thehague.nl\\\/nl\\\/#website\"},\"datePublished\":\"2018-12-10T10:55:22+00:00\",\"dateModified\":\"2026-02-17T11:57:23+00:00\",\"description\":\"Our genaral terms and conditions prevent misunderstandings. Your can read them on our website. Call us if you have any questions.\",\"breadcrumb\":{\"@id\":\"https:\\\/\\\/familylawyer-thehague.nl\\\/general-terms-and-conditions\\\/#breadcrumb\"},\"inLanguage\":\"nl-NL\",\"potentialAction\":[{\"@type\":\"ReadAction\",\"target\":[\"https:\\\/\\\/familylawyer-thehague.nl\\\/general-terms-and-conditions\\\/\"]}]},{\"@type\":\"BreadcrumbList\",\"@id\":\"https:\\\/\\\/familylawyer-thehague.nl\\\/general-terms-and-conditions\\\/#breadcrumb\",\"itemListElement\":[{\"@type\":\"ListItem\",\"position\":1,\"name\":\"Home\",\"item\":\"https:\\\/\\\/familylawyer-thehague.nl\\\/\"},{\"@type\":\"ListItem\",\"position\":2,\"name\":\"\u00a0General Terms and Conditions\"}]},{\"@type\":\"WebSite\",\"@id\":\"https:\\\/\\\/familylawyer-thehague.nl\\\/nl\\\/#website\",\"url\":\"https:\\\/\\\/familylawyer-thehague.nl\\\/nl\\\/\",\"name\":\"Family Lawyer The Hague\",\"description\":\"\",\"publisher\":{\"@id\":\"https:\\\/\\\/familylawyer-thehague.nl\\\/nl\\\/#organization\"},\"potentialAction\":[{\"@type\":\"SearchAction\",\"target\":{\"@type\":\"EntryPoint\",\"urlTemplate\":\"https:\\\/\\\/familylawyer-thehague.nl\\\/nl\\\/?s={search_term_string}\"},\"query-input\":{\"@type\":\"PropertyValueSpecification\",\"valueRequired\":true,\"valueName\":\"search_term_string\"}}],\"inLanguage\":\"nl-NL\"},{\"@type\":[\"Organization\",\"Place\",\"LegalService\"],\"@id\":\"https:\\\/\\\/familylawyer-thehague.nl\\\/nl\\\/#organization\",\"name\":\"Family Lawyer The Hague\",\"url\":\"https:\\\/\\\/familylawyer-thehague.nl\\\/nl\\\/\",\"logo\":{\"@id\":\"https:\\\/\\\/familylawyer-thehague.nl\\\/general-terms-and-conditions\\\/#local-main-organization-logo\"},\"image\":{\"@id\":\"https:\\\/\\\/familylawyer-thehague.nl\\\/general-terms-and-conditions\\\/#local-main-organization-logo\"},\"address\":{\"@id\":\"https:\\\/\\\/familylawyer-thehague.nl\\\/general-terms-and-conditions\\\/#local-main-place-address\"},\"geo\":{\"@type\":\"GeoCoordinates\",\"latitude\":\"52.075247866705915\",\"longitude\":\"4.356969716619772\"},\"telephone\":[\"+31 62 41 37 819\"],\"openingHoursSpecification\":[{\"@type\":\"OpeningHoursSpecification\",\"dayOfWeek\":[\"Monday\",\"Tuesday\",\"Wednesday\",\"Thursday\",\"Friday\"],\"opens\":\"09:00\",\"closes\":\"17:00\"},{\"@type\":\"OpeningHoursSpecification\",\"dayOfWeek\":[\"Saturday\",\"Sunday\"],\"opens\":\"00:00\",\"closes\":\"00:00\"}],\"email\":\"info@familylawyer-thehague.nl\"},{\"@type\":\"PostalAddress\",\"@id\":\"https:\\\/\\\/familylawyer-thehague.nl\\\/general-terms-and-conditions\\\/#local-main-place-address\",\"streetAddress\":\"Jacob van den Eyndestraat 73\",\"addressLocality\":\"Voorburg\",\"postalCode\":\"2274 XA\",\"addressCountry\":\"NL\"},{\"@type\":\"ImageObject\",\"inLanguage\":\"nl-NL\",\"@id\":\"https:\\\/\\\/familylawyer-thehague.nl\\\/general-terms-and-conditions\\\/#local-main-organization-logo\",\"url\":\"https:\\\/\\\/familylawyer-thehague.nl\\\/wp-content\\\/uploads\\\/logo-family-lawyer.svg\",\"contentUrl\":\"https:\\\/\\\/familylawyer-thehague.nl\\\/wp-content\\\/uploads\\\/logo-family-lawyer.svg\",\"width\":356,\"height\":72,\"caption\":\"Family Lawyer The Hague\"}]}<\/script>\n<meta name=\"geo.placename\" content=\"Voorburg\" \/>\n<meta name=\"geo.position\" content=\"52.075247866705915;4.356969716619772\" \/>\n<meta name=\"geo.region\" content=\"Netherlands\" \/>\n<!-- \/ Yoast SEO plugin. -->","yoast_head_json":{"title":"\u00a0Algemene voorwaarden - Familierechtadvocaat Den Haag","description":"Onze geniale voorwaarden voorkomen misverstanden. U kunt ze lezen op onze website. Bel ons als u vragen heeft.","robots":{"index":"index","follow":"follow","max-snippet":"max-snippet:-1","max-image-preview":"max-image-preview:large","max-video-preview":"max-video-preview:-1"},"canonical":"https:\/\/familylawyer-thehague.nl\/nl\/general-terms-and-conditions\/","og_locale":"nl_NL","og_type":"article","og_title":"\u00a0General Terms and Conditions - Family Lawyer The Hague","og_description":"Our genaral terms and conditions prevent misunderstandings. Your can read them on our website. Call us if you have any questions.","og_url":"https:\/\/familylawyer-thehague.nl\/nl\/general-terms-and-conditions\/","og_site_name":"Family Lawyer The Hague","article_modified_time":"2026-02-17T11:57:23+00:00","twitter_card":"summary_large_image","twitter_misc":{"Verwachte leestijd":"8 minuten"},"schema":{"@context":"https:\/\/schema.org","@graph":[{"@type":"WebPage","@id":"https:\/\/familylawyer-thehague.nl\/general-terms-and-conditions\/","url":"https:\/\/familylawyer-thehague.nl\/general-terms-and-conditions\/","name":"\u00a0Algemene voorwaarden - Familierechtadvocaat Den Haag","isPartOf":{"@id":"https:\/\/familylawyer-thehague.nl\/nl\/#website"},"datePublished":"2018-12-10T10:55:22+00:00","dateModified":"2026-02-17T11:57:23+00:00","description":"Onze geniale voorwaarden voorkomen misverstanden. U kunt ze lezen op onze website. Bel ons als u vragen heeft.","breadcrumb":{"@id":"https:\/\/familylawyer-thehague.nl\/general-terms-and-conditions\/#breadcrumb"},"inLanguage":"nl-NL","potentialAction":[{"@type":"ReadAction","target":["https:\/\/familylawyer-thehague.nl\/general-terms-and-conditions\/"]}]},{"@type":"BreadcrumbList","@id":"https:\/\/familylawyer-thehague.nl\/general-terms-and-conditions\/#breadcrumb","itemListElement":[{"@type":"ListItem","position":1,"name":"Home","item":"https:\/\/familylawyer-thehague.nl\/"},{"@type":"ListItem","position":2,"name":"\u00a0General Terms and Conditions"}]},{"@type":"WebSite","@id":"https:\/\/familylawyer-thehague.nl\/nl\/#website","url":"https:\/\/familylawyer-thehague.nl\/nl\/","name":"Family Lawyer The Hague","description":"","publisher":{"@id":"https:\/\/familylawyer-thehague.nl\/nl\/#organization"},"potentialAction":[{"@type":"SearchAction","target":{"@type":"EntryPoint","urlTemplate":"https:\/\/familylawyer-thehague.nl\/nl\/?s={search_term_string}"},"query-input":{"@type":"PropertyValueSpecification","valueRequired":true,"valueName":"search_term_string"}}],"inLanguage":"nl-NL"},{"@type":["Organization","Place","LegalService"],"@id":"https:\/\/familylawyer-thehague.nl\/nl\/#organization","name":"Family Lawyer The Hague","url":"https:\/\/familylawyer-thehague.nl\/nl\/","logo":{"@id":"https:\/\/familylawyer-thehague.nl\/general-terms-and-conditions\/#local-main-organization-logo"},"image":{"@id":"https:\/\/familylawyer-thehague.nl\/general-terms-and-conditions\/#local-main-organization-logo"},"address":{"@id":"https:\/\/familylawyer-thehague.nl\/general-terms-and-conditions\/#local-main-place-address"},"geo":{"@type":"GeoCoordinates","latitude":"52.075247866705915","longitude":"4.356969716619772"},"telephone":["+31 62 41 37 819"],"openingHoursSpecification":[{"@type":"OpeningHoursSpecification","dayOfWeek":["Monday","Tuesday","Wednesday","Thursday","Friday"],"opens":"09:00","closes":"17:00"},{"@type":"OpeningHoursSpecification","dayOfWeek":["Saturday","Sunday"],"opens":"00:00","closes":"00:00"}],"email":"info@familylawyer-thehague.nl"},{"@type":"PostalAddress","@id":"https:\/\/familylawyer-thehague.nl\/general-terms-and-conditions\/#local-main-place-address","streetAddress":"Jacob van den Eyndestraat 73","addressLocality":"Voorburg","postalCode":"2274 XA","addressCountry":"NL"},{"@type":"ImageObject","inLanguage":"nl-NL","@id":"https:\/\/familylawyer-thehague.nl\/general-terms-and-conditions\/#local-main-organization-logo","url":"https:\/\/familylawyer-thehague.nl\/wp-content\/uploads\/logo-family-lawyer.svg","contentUrl":"https:\/\/familylawyer-thehague.nl\/wp-content\/uploads\/logo-family-lawyer.svg","width":356,"height":72,"caption":"Family Lawyer The Hague"}]},"geo.placename":"Voorburg","geo.position":{"lat":"52.075247866705915","long":"4.356969716619772"},"geo.region":"Netherlands"},"_links":{"self":[{"href":"https:\/\/familylawyer-thehague.nl\/nl\/wp-json\/wp\/v2\/pages\/1616","targetHints":{"allow":["GET"]}}],"collection":[{"href":"https:\/\/familylawyer-thehague.nl\/nl\/wp-json\/wp\/v2\/pages"}],"about":[{"href":"https:\/\/familylawyer-thehague.nl\/nl\/wp-json\/wp\/v2\/types\/page"}],"author":[{"embeddable":true,"href":"https:\/\/familylawyer-thehague.nl\/nl\/wp-json\/wp\/v2\/users\/4"}],"replies":[{"embeddable":true,"href":"https:\/\/familylawyer-thehague.nl\/nl\/wp-json\/wp\/v2\/comments?post=1616"}],"version-history":[{"count":3,"href":"https:\/\/familylawyer-thehague.nl\/nl\/wp-json\/wp\/v2\/pages\/1616\/revisions"}],"predecessor-version":[{"id":5516,"href":"https:\/\/familylawyer-thehague.nl\/nl\/wp-json\/wp\/v2\/pages\/1616\/revisions\/5516"}],"wp:attachment":[{"href":"https:\/\/familylawyer-thehague.nl\/nl\/wp-json\/wp\/v2\/media?parent=1616"}],"curies":[{"name":"wp","href":"https:\/\/api.w.org\/{rel}","templated":true}]}}